{"id":894,"date":"2025-12-08T20:50:43","date_gmt":"2025-12-08T18:50:43","guid":{"rendered":"https:\/\/www.scm4ecr.com\/?page_id=894"},"modified":"2025-12-08T21:01:48","modified_gmt":"2025-12-08T19:01:48","slug":"conference-2024-how-generative-ai-supports-the-optimization-of-sustainable-innovative-value-network-processes","status":"publish","type":"page","link":"https:\/\/www.scm4ecr.com\/index.php\/past-conferences-symposiums\/past-conferences\/conference-2024-how-generative-ai-supports-the-optimization-of-sustainable-innovative-value-network-processes\/","title":{"rendered":"Conference 2024 &#8211; How\u00a0Generative\u00a0AI\u00a0Supports\u00a0the Optimization\u00a0of\u00a0Sustainable\u00a0&amp;\u00a0Innovative Value\u00a0Network\u00a0Processes"},"content":{"rendered":"\n<figure class=\"wp-block-table\"><table class=\"has-fixed-layout\"><tbody><tr><td class=\"has-text-align-center\" data-align=\"center\"><strong>BUSINESS &amp; ACADEMIC PARTNERSHIP<\/strong><br><strong>Supply<\/strong>\u00a0<strong>Chain<\/strong>\u00a0<strong>Management<\/strong>\u00a0<strong>for<\/strong>\u00a0<strong>Efficient<\/strong>\u00a0<strong>Consumer<\/strong>\u00a0<strong>Response<\/strong><br><strong>Hybrid<\/strong>\u00a0<strong>Conference<\/strong>\u00a0<strong>Program<\/strong><br><strong>17-18<\/strong>\u00a0<strong>October<\/strong>\u00a0<strong>2024<\/strong><br><strong>\u2014\u2014\u2014\u2014\u2014\u2014\u2014\u2014\u2014\u2014\u2014\u2014\u2014\u2014\u2014\u2014\u2014\u2014\u2014\u2014\u2014\u2014\u2014\u2014\u2014<\/strong><br><strong>15<\/strong><sup><strong>th<\/strong><\/sup>\u00a0<strong>Supply<\/strong>\u00a0<strong>Chain<\/strong>\u00a0<strong>Management<\/strong>\u00a0<strong>for<\/strong>\u00a0<strong>Efficient<\/strong>\u00a0<strong>Consumer<\/strong>\u00a0<strong>Response<\/strong><br><strong>Conference<\/strong><br><strong>How<\/strong>\u00a0<strong>Generative<\/strong>\u00a0<strong>AI<\/strong>\u00a0<strong>Supports<\/strong>\u00a0<strong>the Optimization<\/strong>\u00a0<strong>of<\/strong>\u00a0<strong>Sustainable<\/strong>\u00a0<strong>&amp;<\/strong>\u00a0<strong>Innovative Value<\/strong>\u00a0<strong>Network<\/strong>\u00a0<strong>Processes<\/strong><br><strong>First<\/strong>\u00a0<strong>day<\/strong>\u00a0<strong>\u2013<\/strong>\u00a0<strong>Thursday<\/strong><br><strong>17<\/strong>\u00a0<strong>October<\/strong>\u00a0<strong>2024<\/strong><br><sub><strong>09:00<\/strong><\/sub>\u00a0<sub><strong>\u2013<\/strong><\/sub>\u00a0<sub><strong>09:30<\/strong><\/sub><br><sup><strong>Recording<\/strong><\/sup>\u00a0<sup><strong>presentations\/Connection<\/strong><\/sup><br><strong>09:30<\/strong>\u00a0<strong>\u2013<\/strong>\u00a0<strong>10:00<\/strong><br><strong>(Bucharest Time Zone \u2013 Eastern European Summer Time (EEST), UTC +3)<\/strong><br><strong>Inauguration<\/strong>\u00a0<strong>Hybrid<\/strong>\u00a0<strong>Session<\/strong>\u00a0\u2013\u00a0<strong>Welcome<\/strong>\u00a0<strong>Speech<\/strong><br><strong>OXFORD Hall<\/strong><br><strong>Valahia University of T\u00e2rgovi\u0219te<\/strong><br>Time: Oct 17, 2024, 09:30 AM Bucharest (GMT+3)<br><strong>Chairmans Host &amp; Organizers: Virgil<\/strong>\u00a0<strong>POPA<\/strong>\u00a0<strong>and<\/strong>\u00a0<strong>Ruediger<\/strong>\u00a0<strong>HAGEDORN<\/strong><br><strong>9:30 \u2013 9:40 <\/strong><br><strong>Welcome address by the Conference Host &amp; Organizer<\/strong><br><strong>Virgil POPA<\/strong><br><strong>9:40 \u2013 9:45<\/strong><br><strong> Welcome address by the Conference, Host &amp; Organizer Ruediger HAGEDORN<\/strong><br><strong>9:45 \u2013 9:50<\/strong><br><strong> Welcome address by the Conference, Academic Chairman<\/strong><br><strong>Theodor PURC\u0102REA<\/strong><br><strong>9:50 \u2013 9:55 <\/strong><br><strong>Welcome address by the Vice Rector Valahia University of T\u00e2rgovi\u0219te<\/strong><br><strong>Professor Daniel Emil Constantin DUNEA, PhD. ing. hab.<\/strong><br><br><strong>1<\/strong><sup><strong>st<\/strong><\/sup>\u00a0<strong>Hybrid Session<\/strong><br><strong>9:30 \u2013 16:15<\/strong><br><strong>Conference Presenter \u2013 Alina T\u0102B\u00ceRC\u0102, Assist. Prof., Ph.D.<\/strong><br>Time: Oct 17, 2024, 9:30 AM Bucharest (GMT+3)<br><sub><strong>Session<\/strong><\/sub>\u00a0<sub><strong>Chairman:<\/strong><\/sub>\u00a0<sub><strong>Professor<\/strong><\/sub>\u00a0<sub><strong>Theodor<\/strong><\/sub>\u00a0<sub><strong>PURCAREA<\/strong><\/sub><br><strong>10.00 \u2013 10:45<\/strong><br><strong>Speaker: Professor Virgil POPA Ph.D.<\/strong><br><sub><em><strong>(On-site)<\/strong><\/em><\/sub><br><strong>Founder &amp; Coordinator of Supply Chain Management for Efficient Consumer<\/strong><br><strong>Response Conferences<\/strong><br><sub><strong>Founder &amp; Editor-in-Chief of Supply Chain Management Journal<\/strong><\/sub><br><strong>Valahia University of T\u00e2rgovi\u0219te<\/strong><br><a href=\"https:\/\/docs.google.com\/presentation\/d\/1SAFrcguVyHKdFOIXNv9icsQ_jlyv3P4a_YM9uVWa7uM\/edit?usp=drive_link\"><strong>Generative AI \u2013 Integrator of new Technologies for the Reliability and\u00a0Sustainability of Supply Chains<\/strong><\/a><br><strong>10:45 \u2013 11:00 <\/strong><br><strong>Discussion &amp; Change connection<\/strong><br><strong>11:00- 11:20<\/strong><br><strong>Keynote Speaker: Professor Michael BOURLAKIS Ph.D.<\/strong><br><sub><em><strong>(Online)<\/strong><\/em><\/sub><br><strong>Director of Research for Cranfield School of Management<\/strong><br><strong>Group Head (Logistics, Procurement and Supply Chain Management) and<\/strong><br><strong>Director of Centre for Logistics &amp; Supply chain Management \u2013 Cranfield University<\/strong><br><a href=\"https:\/\/docs.google.com\/presentation\/d\/1iVrm9OA_a6ikJ_OUkDcBcB8x21pyW8YRFMSsK31Gkmo\/edit?usp=drive_link\"><strong>How food supply chain members collaborate to support disadvantaged consumers in light of the current economic challenges that consumers face going to food banks<\/strong><\/a><br><sub><strong>11:20 \u201311:30 Discussion &amp; Change connection<\/strong><\/sub><br><strong>11:30<\/strong>\u00a0\u2013\u00a0<strong>12:30<\/strong><br><sub><strong>Coffee<\/strong><\/sub>\u00a0<sub><strong>break<\/strong><\/sub><br><strong>12:30 \u2013 13:15<\/strong><br><sub><strong>Speaker: Assistant Professor G\u00f6khan KIRBA\u00c7 and Mehmet Zikrullah BODUR<\/strong><\/sub><br><em><strong>(Online)<\/strong><\/em><br><strong>Head of the Air Logistics Department<\/strong><br><sub><strong>Istanbul K\u00fclt\u00fcr University, Turkey<\/strong><\/sub><br><a href=\"https:\/\/docs.google.com\/presentation\/d\/1k8U0nhYyAyQYnDxGbq7vnfRCXRYhdaijyILr2YOiBN4\/edit?usp=drive_link\"><strong>The Impact of Blockchain Technology on Reliability and Sustainability of Global Food Supply and Demand Chains<\/strong><\/a><br><strong>13:15 \u2013 13:30 <\/strong><br><strong>Discussion &amp; change connection<\/strong><br><strong>13:30 \u201314:15<\/strong><br><strong>Speakers: Professor Costel NEGRICEA Ph.D. Hab and Dr. Matei PURC\u0102REA (Romanian American University)<\/strong><br><em><strong>(On-site)<\/strong><\/em><br><a href=\"https:\/\/drive.google.com\/file\/d\/1o7IBk90BAt-3-l5wROvWAJey6SeU-zMW\/view?usp=drive_link\"><strong>A Pressing Issue in Higher Education: Developing AI Literacy, Getting Students Ready for the Gen AI-Driven Workforce, Considering Supply Chains\u2019 Social, Economic, and Environmental Impact at Each Stage of E2E Process in SCM<\/strong><\/a><br><sub><strong>14:15 \u2013 14:30 Discussion &amp; change connection<\/strong><\/sub><br><sub><em><strong>(Online from China)<\/strong><\/em><\/sub><br><strong>Director End-to-End Value Chain &amp; Standards Pillar<\/strong><br><strong>The Consumer Goods Forum<\/strong><br><a href=\"https:\/\/drive.google.com\/file\/d\/19KZI2Ixqsc2nse_-PHBnv_bH1GGj69He\/view?usp=drive_link\"><strong>AI-Powered Supply Chains: Predicting the Unpredictable<\/strong><\/a><br><strong>And Dr. Gerd WOLFRAM<\/strong><br><sub><em><strong>(Online from Germany)<\/strong><\/em><\/sub><br><strong>CEO and Owner IoT Innovation &amp; Consult I Partner Digital Connection I Author I Cologne Area, Germany<\/strong><br><strong>Management Consulting\u00a0to\u00a0Consumer Goods Forum\u00a0<\/strong>\u2013\u00a0<strong>Paris<\/strong><br><strong>15:00 \u2013 15:15 Discussion &amp; change connection<\/strong><br><strong>15:15 \u2013 15:40<\/strong><br><strong>Speaker: Associate Professor \u2013 Ed LINDOO<\/strong><br><em><strong>(Online from Denver \u2013 Colorado, USA)<\/strong><\/em><br><strong>Regis University Denver \u2013 Colorado, USA<\/strong><br><a href=\"https:\/\/docs.google.com\/presentation\/d\/1hgoY9yOx2LUh3dQlg3NZjkGpE0H771nxmtu-WQDuIDs\/edit?usp=drive_link\"><strong>1st. Effectively teaching supply chain logistics by way of the anyLogisticx and<\/strong><\/a><br><a href=\"https:\/\/docs.google.com\/presentation\/d\/12BweGLhE7QoNb7TOANLyHuF0_iFQLdAKluAyP-JfeAI\/edit?usp=drive_link\"><strong>2nd. Generative AI and its Impact on the CS Classroom and Programmers<\/strong><\/a><br><sub><strong>15:40 \u2013 15:45 Discussion &amp; change connection<\/strong><\/sub><br><strong>15:45 \u2013 16.10<\/strong><br><strong>Speakers: Assoc. Prof. Marta STAROSTKA-PATYK Ph.D. Hab., Helena KO\u015aCIELNIAK and<\/strong><br><strong>Paulina Grunt<\/strong><br><em><strong>(Online)<\/strong><\/em><br><strong>Czestochowa University of Technology, Poland<\/strong><br><a href=\"https:\/\/docs.google.com\/presentation\/d\/1MQGUsk_hpN32bdFL369ZZxsKICtXZ-FRrYxNqHlGWnY\/edit?usp=drive_link\"><strong>From Industry 4.0 to Supply Chain 4.0 \u2013 How Digital Transformation Shapes SCM Processes with Modern ICT Solutions<\/strong><\/a><br><strong>16:10 \u2013 16:15 <\/strong><br><strong>Discussion &amp; change connection<\/strong><br><br><strong>Second day \u2013 Friday<\/strong><br><strong>18 October 2024<\/strong><br><br><strong>2<\/strong><sup><strong>nd<\/strong><\/sup>\u00a0<strong>Hybrid Session<\/strong><br><strong>10:00 \u2013 13:45<\/strong><br><strong>(Bucharest Time Zone \u2013 Eastern European Summer Time (EEST), GMT +3)<\/strong><br><strong>Conference Presenter \u2013 Alina T\u0102B\u00ceRC\u0102, Assist. Prof., Ph.D.<\/strong><br><sub><strong>Session<\/strong><\/sub>\u00a0<sub><strong>Chairman:<\/strong><\/sub>\u00a0<sub><strong>Professor<\/strong><\/sub>\u00a0<sub><strong>Theodor<\/strong><\/sub>\u00a0<sub><strong>PURCAREA<\/strong><\/sub><br><strong>10:00 \u2013 10:25<\/strong><br><strong>Speakers: Col. Prof. Tomasz JA\u0141OWIEC, Ph.D. Hab. and Katarzyna PIETRZYK- WISZOWATY Ph.D.<\/strong><br><sub><em><strong>(Online)<\/strong><\/em><\/sub><br><strong>War Studies University, Poland<\/strong><br><a href=\"https:\/\/docs.google.com\/presentation\/d\/1cjZobgis3u3V-lk5xlDlXa4Bce56PWt0fQM94DC17Ns\/edit?usp=drive_link\"><strong>Innovations in Military Supply Chains Management<\/strong><\/a><br><strong>10:25 \u2013 10:30 <\/strong><br><strong>Discussion &amp; change connection<\/strong><br><strong>10:30 \u2013 11:15<\/strong><br><strong>Keynote Speaker: Professor Theodor PURC\u0102REA<\/strong><br><em><strong>(On-site)<\/strong><\/em><br><strong>Professor at the Romanian American University<\/strong><br><strong>Member of the Advisory Board of the Romanian Competition Council<\/strong><br><strong>President of the Romanian Distribution Committee<\/strong><br><a href=\"https:\/\/drive.google.com\/file\/d\/1LnveSYiNI1eBW6YY_XCjbcbWX4rAFmVe\/view?usp=drive_link\"><strong>Advancing Value Chain Analysis and Data-Driven Decisions Regarding Sustainable Value Chains, Improving Supply Chains\u2019 Performance by Valorizing LLMs and Intensifying Compliance<\/strong><\/a><br><strong>11:15 \u2013 11:20 Discussion &amp; change connection<\/strong><br><strong>11:20 \u2013 11:55<\/strong><br><strong>Speaker: Associate Prof. Mihaela \u0218TE\u021a, Ph.D. ing.<\/strong><br><em><strong>(Online)<\/strong><\/em><br><strong>Technical University of Cluj-Napoca, Romania<\/strong><br><a href=\"https:\/\/docs.google.com\/presentation\/d\/1imZhFTGlUsM2TCfoAJhOXWq7QOiEeXN1__30-0PduHg\/edit?usp=drive_link\"><strong>Greening the Supply Chains using Generative AI Capabilities to Optimize Transportation\u00a0Networks<\/strong><\/a><br><strong>11:55 \u2013 12:00 Discussion &amp; change connection<\/strong><br><strong>12:00 \u2013 12.25<\/strong><br><strong>Speaker: Professor Borna ABRAMOVIC Ph.D.\u00a0<\/strong><em><strong>(Online)<\/strong><\/em><br><strong>Head of Chair of Railway Transport Management University of Zagreb, Faculty of Transport and Traffic Sciences Department of Railway Transport<\/strong><br><a href=\"https:\/\/drive.google.com\/file\/d\/1nq4eRz3U9gf48YZMTr9_MwGxGVFaKn1P\/view?usp=drive_link\"><strong>How the AI can help us in Supply Chain Management?<\/strong><\/a><br><strong>12:25 \u2013 12:30 <\/strong><br><strong>Discussion &amp; change connection<\/strong><br><strong>12:30<\/strong>\u00a0\u2013\u00a0<strong>13:00<\/strong><br><strong>Coffee<\/strong>\u00a0<strong>break<\/strong><br><strong>13:00 \u2013 13:25<\/strong><br><strong>Speaker: Assoc. Prof. Paula BAJDOR, Ph.D. Hab.\u00a0<\/strong><em><strong>(Online)<\/strong><\/em><br><strong>Czestochowa University of Technology, Poland<\/strong><br><a href=\"https:\/\/drive.google.com\/file\/d\/1hQ_PHOCIcwjxosXthkcK6kEBtZdToREr\/view?usp=drive_link\"><strong>Evaluating Current and Future Impacts of Cloud Computing on Enterprise Operations: A Comparative Analysis<\/strong><\/a><br><strong>12:25 \u2013 13:30 <\/strong><br><strong>Discussion &amp; change connection<\/strong><br><strong>13:30<\/strong>\u00a0<strong>\u2013<\/strong>\u00a0<strong>13:45<\/strong><br><strong>Conclusions<\/strong>\u00a0<strong>and<\/strong>\u00a0<strong>Conference<\/strong>\u00a0<strong>Closing<\/strong>\u00a0<strong>Speech<\/strong><\/td><\/tr><\/tbody><\/table><\/figure>\n\n\n\n<h1 class=\"wp-block-heading has-text-align-center has-huge-font-size\"><a href=\"https:\/\/drive.google.com\/file\/d\/1mbm8RtJbee1Uw_pAZsY8RkkG2oQ9d1wi\/view?usp=sharing\">Conference 2024 \u2013 MOMENTS FROM THE SPEAKERS\u2019 PRESENTATIONS AND INTERVENTIONS<\/a><\/h1>\n\n\n\n<p><\/p>\n","protected":false},"excerpt":{"rendered":"<p>BUSINESS &amp; ACADEMIC PARTNERSHIPSupply\u00a0Chain\u00a0Management\u00a0for\u00a0Efficient\u00a0Consumer\u00a0ResponseHybrid\u00a0Conference\u00a0Program17-18\u00a0October\u00a02024\u2014\u2014\u2014\u2014\u2014\u2014\u2014\u2014\u2014\u2014\u2014\u2014\u2014\u2014\u2014\u2014\u2014\u2014\u2014\u2014\u2014\u2014\u2014\u2014\u201415th\u00a0Supply\u00a0Chain\u00a0Management\u00a0for\u00a0Efficient\u00a0Consumer\u00a0ResponseConferenceHow\u00a0Generative\u00a0AI\u00a0Supports\u00a0the Optimization\u00a0of\u00a0Sustainable\u00a0&amp;\u00a0Innovative Value\u00a0Network\u00a0ProcessesFirst\u00a0day\u00a0\u2013\u00a0Thursday17\u00a0October\u00a0202409:00\u00a0\u2013\u00a009:30Recording\u00a0presentations\/Connection09:30\u00a0\u2013\u00a010:00(Bucharest Time Zone \u2013 Eastern European Summer Time (EEST), UTC +3)Inauguration\u00a0Hybrid\u00a0Session\u00a0\u2013\u00a0Welcome\u00a0SpeechOXFORD HallValahia University of T\u00e2rgovi\u0219teTime: Oct 17, 2024, 09:30 AM Bucharest (GMT+3)Chairmans Host &amp; Organizers: Virgil\u00a0POPA\u00a0and\u00a0Ruediger\u00a0HAGEDORN9:30 \u2013 9:40 Welcome address by the Conference Host &amp; OrganizerVirgil POPA9:40 \u2013 9:45 Welcome address by the Conference, Host &amp; Organizer Ruediger HAGEDORN9:45 \u2013 [&hellip;]<\/p>\n","protected":false},"author":1,"featured_media":0,"parent":590,"menu_order":1,"comment_status":"closed","ping_status":"closed","template":"","meta":{"footnotes":""},"class_list":["post-894","page","type-page","status-publish","hentry"],"yoast_head":"<!-- This site is optimized with the Yoast SEO plugin v27.4 - https:\/\/yoast.com\/product\/yoast-seo-wordpress\/ -->\n<title>How\u00a0Generative\u00a0AI\u00a0Supports\u00a0the Optimization\u00a0of\u00a0Sustainable\u00a0&amp;\u00a0Innovative Value\u00a0Network\u00a0Processes<\/title>\n<meta name=\"description\" content=\"How\u00a0Generative\u00a0AI\u00a0Supports\u00a0the Optimization\u00a0of\u00a0Sustainable\u00a0&amp;\u00a0Innovative Value\u00a0Network\u00a0Processes\" \/>\n<meta name=\"robots\" content=\"index, follow, max-snippet:-1, max-image-preview:large, max-video-preview:-1\" \/>\n<link rel=\"canonical\" href=\"https:\/\/www.scm4ecr.com\/index.php\/conference-2024-how-generative-ai-supports-the-optimization-of-sustainable-innovative-value-network-processes\/\" \/>\n<meta property=\"og:locale\" content=\"en_US\" \/>\n<meta property=\"og:type\" content=\"article\" \/>\n<meta property=\"og:title\" content=\"How\u00a0Generative\u00a0AI\u00a0Supports\u00a0the Optimization\u00a0of\u00a0Sustainable\u00a0&amp;\u00a0Innovative Value\u00a0Network\u00a0Processes\" \/>\n<meta property=\"og:description\" content=\"How\u00a0Generative\u00a0AI\u00a0Supports\u00a0the Optimization\u00a0of\u00a0Sustainable\u00a0&amp;\u00a0Innovative Value\u00a0Network\u00a0Processes\" \/>\n<meta property=\"og:url\" content=\"https:\/\/www.scm4ecr.com\/index.php\/conference-2024-how-generative-ai-supports-the-optimization-of-sustainable-innovative-value-network-processes\/\" \/>\n<meta property=\"og:site_name\" content=\"Supply Chain Management for Efficient Consumer Response Conference\" \/>\n<meta property=\"article:modified_time\" content=\"2025-12-08T19:01:48+00:00\" \/>\n<meta name=\"twitter:card\" content=\"summary_large_image\" \/>\n<meta name=\"twitter:label1\" content=\"Est. reading time\" \/>\n\t<meta name=\"twitter:data1\" content=\"4 minutes\" \/>\n<script type=\"application\/ld+json\" class=\"yoast-schema-graph\">{\"@context\":\"https:\\\/\\\/schema.org\",\"@graph\":[{\"@type\":\"WebPage\",\"@id\":\"https:\\\/\\\/www.scm4ecr.com\\\/index.php\\\/conference-2024-how-generative-ai-supports-the-optimization-of-sustainable-innovative-value-network-processes\\\/\",\"url\":\"https:\\\/\\\/www.scm4ecr.com\\\/index.php\\\/conference-2024-how-generative-ai-supports-the-optimization-of-sustainable-innovative-value-network-processes\\\/\",\"name\":\"How\u00a0Generative\u00a0AI\u00a0Supports\u00a0the Optimization\u00a0of\u00a0Sustainable\u00a0&\u00a0Innovative Value\u00a0Network\u00a0Processes\",\"isPartOf\":{\"@id\":\"https:\\\/\\\/www.scm4ecr.com\\\/#website\"},\"datePublished\":\"2025-12-08T18:50:43+00:00\",\"dateModified\":\"2025-12-08T19:01:48+00:00\",\"description\":\"How\u00a0Generative\u00a0AI\u00a0Supports\u00a0the Optimization\u00a0of\u00a0Sustainable\u00a0&\u00a0Innovative Value\u00a0Network\u00a0Processes\",\"breadcrumb\":{\"@id\":\"https:\\\/\\\/www.scm4ecr.com\\\/index.php\\\/conference-2024-how-generative-ai-supports-the-optimization-of-sustainable-innovative-value-network-processes\\\/#breadcrumb\"},\"inLanguage\":\"en-US\",\"potentialAction\":[{\"@type\":\"ReadAction\",\"target\":[\"https:\\\/\\\/www.scm4ecr.com\\\/index.php\\\/conference-2024-how-generative-ai-supports-the-optimization-of-sustainable-innovative-value-network-processes\\\/\"]}]},{\"@type\":\"BreadcrumbList\",\"@id\":\"https:\\\/\\\/www.scm4ecr.com\\\/index.php\\\/conference-2024-how-generative-ai-supports-the-optimization-of-sustainable-innovative-value-network-processes\\\/#breadcrumb\",\"itemListElement\":[{\"@type\":\"ListItem\",\"position\":1,\"name\":\"Home\",\"item\":\"https:\\\/\\\/www.scm4ecr.com\\\/\"},{\"@type\":\"ListItem\",\"position\":2,\"name\":\"Conference 2024 &#8211; How\u00a0Generative\u00a0AI\u00a0Supports\u00a0the Optimization\u00a0of\u00a0Sustainable\u00a0&amp;\u00a0Innovative Value\u00a0Network\u00a0Processes\"}]},{\"@type\":\"WebSite\",\"@id\":\"https:\\\/\\\/www.scm4ecr.com\\\/#website\",\"url\":\"https:\\\/\\\/www.scm4ecr.com\\\/\",\"name\":\"Supply Chain Management for Efficient Consumer Response Conference\",\"description\":\"Academics and Business Partnerships\",\"publisher\":{\"@id\":\"https:\\\/\\\/www.scm4ecr.com\\\/#organization\"},\"potentialAction\":[{\"@type\":\"SearchAction\",\"target\":{\"@type\":\"EntryPoint\",\"urlTemplate\":\"https:\\\/\\\/www.scm4ecr.com\\\/?s={search_term_string}\"},\"query-input\":{\"@type\":\"PropertyValueSpecification\",\"valueRequired\":true,\"valueName\":\"search_term_string\"}}],\"inLanguage\":\"en-US\"},{\"@type\":\"Organization\",\"@id\":\"https:\\\/\\\/www.scm4ecr.com\\\/#organization\",\"name\":\"Supply Chain Management for Efficient Consumer Response Conference\",\"url\":\"https:\\\/\\\/www.scm4ecr.com\\\/\",\"logo\":{\"@type\":\"ImageObject\",\"inLanguage\":\"en-US\",\"@id\":\"https:\\\/\\\/www.scm4ecr.com\\\/#\\\/schema\\\/logo\\\/image\\\/\",\"url\":\"https:\\\/\\\/www.scm4ecr.com\\\/wp-content\\\/uploads\\\/2025\\\/11\\\/logo-scm4ecr.jpg\",\"contentUrl\":\"https:\\\/\\\/www.scm4ecr.com\\\/wp-content\\\/uploads\\\/2025\\\/11\\\/logo-scm4ecr.jpg\",\"width\":619,\"height\":110,\"caption\":\"Supply Chain Management for Efficient Consumer Response Conference\"},\"image\":{\"@id\":\"https:\\\/\\\/www.scm4ecr.com\\\/#\\\/schema\\\/logo\\\/image\\\/\"}}]}<\/script>\n<!-- \/ Yoast SEO plugin. -->","yoast_head_json":{"title":"How\u00a0Generative\u00a0AI\u00a0Supports\u00a0the Optimization\u00a0of\u00a0Sustainable\u00a0&\u00a0Innovative Value\u00a0Network\u00a0Processes","description":"How\u00a0Generative\u00a0AI\u00a0Supports\u00a0the Optimization\u00a0of\u00a0Sustainable\u00a0&\u00a0Innovative Value\u00a0Network\u00a0Processes","robots":{"index":"index","follow":"follow","max-snippet":"max-snippet:-1","max-image-preview":"max-image-preview:large","max-video-preview":"max-video-preview:-1"},"canonical":"https:\/\/www.scm4ecr.com\/index.php\/conference-2024-how-generative-ai-supports-the-optimization-of-sustainable-innovative-value-network-processes\/","og_locale":"en_US","og_type":"article","og_title":"How\u00a0Generative\u00a0AI\u00a0Supports\u00a0the Optimization\u00a0of\u00a0Sustainable\u00a0&\u00a0Innovative Value\u00a0Network\u00a0Processes","og_description":"How\u00a0Generative\u00a0AI\u00a0Supports\u00a0the Optimization\u00a0of\u00a0Sustainable\u00a0&\u00a0Innovative Value\u00a0Network\u00a0Processes","og_url":"https:\/\/www.scm4ecr.com\/index.php\/conference-2024-how-generative-ai-supports-the-optimization-of-sustainable-innovative-value-network-processes\/","og_site_name":"Supply Chain Management for Efficient Consumer Response Conference","article_modified_time":"2025-12-08T19:01:48+00:00","twitter_card":"summary_large_image","twitter_misc":{"Est. reading time":"4 minutes"},"schema":{"@context":"https:\/\/schema.org","@graph":[{"@type":"WebPage","@id":"https:\/\/www.scm4ecr.com\/index.php\/conference-2024-how-generative-ai-supports-the-optimization-of-sustainable-innovative-value-network-processes\/","url":"https:\/\/www.scm4ecr.com\/index.php\/conference-2024-how-generative-ai-supports-the-optimization-of-sustainable-innovative-value-network-processes\/","name":"How\u00a0Generative\u00a0AI\u00a0Supports\u00a0the Optimization\u00a0of\u00a0Sustainable\u00a0&\u00a0Innovative Value\u00a0Network\u00a0Processes","isPartOf":{"@id":"https:\/\/www.scm4ecr.com\/#website"},"datePublished":"2025-12-08T18:50:43+00:00","dateModified":"2025-12-08T19:01:48+00:00","description":"How\u00a0Generative\u00a0AI\u00a0Supports\u00a0the Optimization\u00a0of\u00a0Sustainable\u00a0&\u00a0Innovative Value\u00a0Network\u00a0Processes","breadcrumb":{"@id":"https:\/\/www.scm4ecr.com\/index.php\/conference-2024-how-generative-ai-supports-the-optimization-of-sustainable-innovative-value-network-processes\/#breadcrumb"},"inLanguage":"en-US","potentialAction":[{"@type":"ReadAction","target":["https:\/\/www.scm4ecr.com\/index.php\/conference-2024-how-generative-ai-supports-the-optimization-of-sustainable-innovative-value-network-processes\/"]}]},{"@type":"BreadcrumbList","@id":"https:\/\/www.scm4ecr.com\/index.php\/conference-2024-how-generative-ai-supports-the-optimization-of-sustainable-innovative-value-network-processes\/#breadcrumb","itemListElement":[{"@type":"ListItem","position":1,"name":"Home","item":"https:\/\/www.scm4ecr.com\/"},{"@type":"ListItem","position":2,"name":"Conference 2024 &#8211; How\u00a0Generative\u00a0AI\u00a0Supports\u00a0the Optimization\u00a0of\u00a0Sustainable\u00a0&amp;\u00a0Innovative Value\u00a0Network\u00a0Processes"}]},{"@type":"WebSite","@id":"https:\/\/www.scm4ecr.com\/#website","url":"https:\/\/www.scm4ecr.com\/","name":"Supply Chain Management for Efficient Consumer Response Conference","description":"Academics and Business Partnerships","publisher":{"@id":"https:\/\/www.scm4ecr.com\/#organization"},"potentialAction":[{"@type":"SearchAction","target":{"@type":"EntryPoint","urlTemplate":"https:\/\/www.scm4ecr.com\/?s={search_term_string}"},"query-input":{"@type":"PropertyValueSpecification","valueRequired":true,"valueName":"search_term_string"}}],"inLanguage":"en-US"},{"@type":"Organization","@id":"https:\/\/www.scm4ecr.com\/#organization","name":"Supply Chain Management for Efficient Consumer Response Conference","url":"https:\/\/www.scm4ecr.com\/","logo":{"@type":"ImageObject","inLanguage":"en-US","@id":"https:\/\/www.scm4ecr.com\/#\/schema\/logo\/image\/","url":"https:\/\/www.scm4ecr.com\/wp-content\/uploads\/2025\/11\/logo-scm4ecr.jpg","contentUrl":"https:\/\/www.scm4ecr.com\/wp-content\/uploads\/2025\/11\/logo-scm4ecr.jpg","width":619,"height":110,"caption":"Supply Chain Management for Efficient Consumer Response Conference"},"image":{"@id":"https:\/\/www.scm4ecr.com\/#\/schema\/logo\/image\/"}}]}},"_links":{"self":[{"href":"https:\/\/www.scm4ecr.com\/index.php\/wp-json\/wp\/v2\/pages\/894","targetHints":{"allow":["GET"]}}],"collection":[{"href":"https:\/\/www.scm4ecr.com\/index.php\/wp-json\/wp\/v2\/pages"}],"about":[{"href":"https:\/\/www.scm4ecr.com\/index.php\/wp-json\/wp\/v2\/types\/page"}],"author":[{"embeddable":true,"href":"https:\/\/www.scm4ecr.com\/index.php\/wp-json\/wp\/v2\/users\/1"}],"replies":[{"embeddable":true,"href":"https:\/\/www.scm4ecr.com\/index.php\/wp-json\/wp\/v2\/comments?post=894"}],"version-history":[{"count":4,"href":"https:\/\/www.scm4ecr.com\/index.php\/wp-json\/wp\/v2\/pages\/894\/revisions"}],"predecessor-version":[{"id":904,"href":"https:\/\/www.scm4ecr.com\/index.php\/wp-json\/wp\/v2\/pages\/894\/revisions\/904"}],"up":[{"embeddable":true,"href":"https:\/\/www.scm4ecr.com\/index.php\/wp-json\/wp\/v2\/pages\/590"}],"wp:attachment":[{"href":"https:\/\/www.scm4ecr.com\/index.php\/wp-json\/wp\/v2\/media?parent=894"}],"curies":[{"name":"wp","href":"https:\/\/api.w.org\/{rel}","templated":true}]}}