{"id":836,"date":"2025-12-07T15:48:15","date_gmt":"2025-12-07T13:48:15","guid":{"rendered":"https:\/\/www.scm4ecr.com\/?page_id=836"},"modified":"2026-01-08T21:17:13","modified_gmt":"2026-01-08T19:17:13","slug":"conference-2018-future-leadership-and-artificial-intelligence-drive-value-network","status":"publish","type":"page","link":"https:\/\/www.scm4ecr.com\/index.php\/past-conferences-symposiums\/past-conferences\/conference-2018-future-leadership-and-artificial-intelligence-drive-value-network\/","title":{"rendered":"Conference 2018 &#8211; Future Leadership and Artificial Intelligence Drive Value Network"},"content":{"rendered":"\n<div class=\"wp-block-group has-global-padding is-layout-constrained wp-block-group-is-layout-constrained\">\n<div class=\"wp-block-group has-global-padding is-layout-constrained wp-block-group-is-layout-constrained\">\n<div class=\"wp-block-columns is-layout-flex wp-container-core-columns-is-layout-28f84493 wp-block-columns-is-layout-flex\">\n<div class=\"wp-block-column is-layout-flow wp-block-column-is-layout-flow\" style=\"flex-basis:100%\">\n<div class=\"wp-block-group has-global-padding is-layout-constrained wp-block-group-is-layout-constrained\"><\/div>\n<\/div>\n<\/div>\n<\/div>\n<\/div>\n\n\n\n<div class=\"wp-block-group has-global-padding is-content-justification-center is-layout-constrained wp-block-group-is-layout-constrained\">\n<p><\/p>\n<\/div>\n\n\n\n<figure class=\"wp-block-table\"><table class=\"has-fixed-layout\"><tbody><tr><td class=\"has-text-align-center\" data-align=\"center\"><br>SPONSOR<br><br><strong><a href=\"https:\/\/www.novomatic.com\/en\">NOVOMATIC<\/a><\/strong><br>\u00a0<br><br><strong>Program<\/strong><br><br><strong>ACADEMIC &amp; BUSINESS\u00a0 PARTNERSHIP\u00a02017 S<\/strong><br>S<strong>upply Chain Management for Efficient Consumer Response Conference<\/strong><br>18 \u2013 19 October 2018<br><br><br><strong><em>Future Leadership and Artificial Intelligence Drive Value Network<\/em><\/strong><br><br><br><br><strong><em><strong>Conference Hall<\/strong><\/em><\/strong><br><strong><em><strong>International Conference Center<\/strong><\/em><\/strong><br><br><br><br>\u00a0<br><strong>Day 1<\/strong><br><strong>18 October 2018<\/strong><br><br><br>08:00 \u2013 09:00<br><strong>Registration<\/strong><br>09:00 \u2014 09:30<br>Official opening<br><strong>Welcome speech<\/strong><br>09:30 \u2014 10:00<br><strong>Welcome\u00a0 Conference<\/strong><br><strong>Co-Chair\u00a0Virgil POPA &amp; Ruediger HAGEDORN<\/strong><br><strong>Opening \u00a0Conference : Virgil POPA \u2013Founder &amp; President of SCM4ECR Conference<\/strong><br><a href=\"https:\/\/docs.google.com\/presentation\/d\/1lfJd_nxciaJSOMh0vKd-cngBzIRhbc8hZeUFkUQYi1c\/edit?usp=sharing\"><em><strong>The Leadership and the Artificial Intelligence for the Brain of the Firm. Evolutions and Realities in Romanian Market.<\/strong><\/em><\/a><br>10:00 \u2014 11:00<br><strong>Keynote \u00a0Speaker<\/strong><br><strong>Ruediger HAGEDORN<\/strong><br><strong>Director End-to-End Value Chain &amp; Standards Pillar<\/strong><br><strong>The Consumer Good Forum<\/strong><br><a href=\"https:\/\/drive.google.com\/file\/d\/1-Gi4zaFeaGG0pp228d_wZJ19U7GRyOZB\/view?usp=sharing\">End-To-End Value Chain<\/a><br>11:00 \u2014 11:30<br><strong>It\u2019s a coffee\u00a0time. Get some rest!<\/strong><br>11:30 \u2014 13:00<br><strong>1<sup>st<\/sup>\u00a0Plenary Session<\/strong><br><strong>Artificial Intelligence in Supply Chains<\/strong><br><strong>Chairs<\/strong><br><strong>Costel Iliu\u021b\u0103 NEGRICEA\u00a0<\/strong><br><strong>Authors presentations<\/strong><br>11:30 \u2014 12:00<br><strong>Matei Ionut PURC\u0102REA<\/strong>\u00a0\u2013\u00a0<a href=\"https:\/\/docs.google.com\/presentation\/d\/1CSzdCKDi6G6aJonF48VT5ziqZ2NCe8JIP8dI-5KXM8I\/edit?usp=sharing\"><em>Artificial intelligence and blockchain, the drivers of digital life changers<\/em><\/a><br>12:00 \u2014 12:30<br><strong>Florin RADU,\u00a0Ionela CISM\u0102<\/strong>\u00a0\u2013\u00a0<a href=\"https:\/\/docs.google.com\/presentation\/d\/1pOF3yJo6pmfCY5TH0xGZ0gMpFDxQh16_F_EjEBkK-3s\/edit?usp=sharing\"><em>The Digital Revolution- Shaping the Future of Leadership And Talent<\/em><\/a><br>12:30 \u2014 13:00<br><strong>Gheorghe ORZAN,\u00a0Gheorghe ORZAN, Raluca-Giorgiana CHIVU, Otilia PLATON<\/strong>\u00a0\u2013\u00a0<a href=\"https:\/\/docs.google.com\/presentation\/d\/1NC91p5g4j6XUnrq6KYSjDobesJDcsu01RQG1xpoVrhc\/edit?usp=sharing\"><em>Consumers Behavior Analysis through Big Data Technologies<\/em><\/a><br>13:00 \u2014 13:30<br><strong>Keynote Speaker<\/strong><br><strong>Michel BOURLAKIS<\/strong><br>Director of Research for Cranfield School of Management,<br>Group Head (Logistics, Procurement and Supply Chain Management) and<br>Director of Centre for Logistics &amp; Supply Chain Management<br><strong>Cranfield University<\/strong><br><a href=\"https:\/\/docs.google.com\/presentation\/d\/1DTYIDK2D5L6XyjaaKQlRbyz-QLPp3RAnn8AnM7Xbn6w\/edit?usp=sharing\"><em><strong>The next industrial revolution: How e-commerce is transforming the B2B supply chain<\/strong><\/em><\/a><br>13:30 \u2014 14:00<br><strong>It\u2019s a lunch time. Get some rest!<\/strong><br>14:30 \u2014 16:00<br>\u00a0<br><strong>2<sup>nd<\/sup>\u00a0Plenary\u00a0Session<\/strong><br><strong>Consumer Driven Value Network<\/strong><br><strong>Chairs<\/strong><br><strong>Theodor Valentin PURC\u0102REA<\/strong><br><strong>Authors presentations<\/strong><br>\u00a0<br>14:30 \u2014 15:00<br><strong>Alexandra PERJU-MITRAN, Costel Iliu\u021b\u0103 NEGRICEA, Tudor EDU<\/strong>\u00a0\u2013\u00a0<a href=\"https:\/\/docs.google.com\/presentation\/d\/1rFChPxjO1R6Q7nQVHhFDLjiixjH0RGJRF7eT14xLDIo\/edit?usp=sharing\"><em>Customer Driven Value Co-Creation In Social Commerce \u2013 A SEM Approach<\/em><\/a><br>15:00 \u2014 15:30<br><strong>Mihaela \u0218TE\u021a<\/strong>\u00a0\u2013\u00a0<a href=\"https:\/\/docs.google.com\/presentation\/d\/1Xq_yfsqx-dPGGInx74uC8vcnic4CfRVksxioVVQXAok\/edit?usp=sharing\"><em>Financial instruments and techniques in supply chain management<\/em><\/a><br>15:30 \u2014 16:00<br><strong>Mircea DUIC\u0102, Nicoleta Valentina FLOREA, Tiberiu Alexandru DOBRESCU<\/strong>\u00a0\u2013\u00a0<a href=\"https:\/\/drive.google.com\/open?id=1yDfaueNMuUY71xTVdHYlXx-h4uNuIfWFUVshuMjxumk\"><em>Obtaining value and performance by managing effectively the customers\u2019 complaints<\/em><\/a><br>16:00 \u2014 16:30<br><strong>It\u2019s a coffee\u00a0time. Get some rest!<\/strong><br>16:30 \u2014 17:30<br><strong>Keynote Speaker<\/strong><br><strong>Borna ABRAMOVIC<\/strong><br><strong>Prof.dr.ing. University of Zagreb<\/strong><br>Chair of Railway Transport Management<br><a href=\"https:\/\/docs.google.com\/presentation\/d\/1qdNZwMcskvMpD16JP3kSHG2IFHAptDhdlIWQm9rF-nA\/edit?usp=sharing\"><em><strong>The impact of ICT for railway on logistics<\/strong><\/em><\/a><br>17:30 \u2014 19:00<br>\u00a0<br><strong>3<sup>rd<\/sup>\u00a0Plenary Session<\/strong><br><strong>Mass Customization and the Challenges of Logistics<\/strong><br><strong>Chairs<\/strong><br><strong>Mircea DUIC\u0102<\/strong><br><strong>Authors presentations<\/strong><br>\u00a0<br>17:30 \u2014 18:00<br><strong>Malgorzata \u0141\u0118GOWIK-MA\u0141OLEPSZA<\/strong>\u00a0\u2013\u00a0<a href=\"https:\/\/docs.google.com\/presentation\/d\/1uczRyMZPXkvrw0Dt3cK2vZovX1GWMe51ryELBqeYoic\/edit?usp=sharing\"><em>Agile time management as an innovation in an enterprise<\/em><\/a><br>18:00 \u2014 18:30<br><strong>Tomasz LIS<\/strong>\u00a0\u2013<a href=\"https:\/\/docs.google.com\/presentation\/d\/1hyg_8T2euS_qtyW8C5_5TsTYB7ZgjtYZAE-buvs0_0s\/edit?usp=sharing\"><em>\u00a0Information and knowledge as an logistics effectiveness factors of customer service<\/em><\/a><br>18:30 \u2014 19:00<br><strong>Paula BAJDOR<\/strong>\u00a0\u2013\u00a0<a href=\"https:\/\/docs.google.com\/presentation\/d\/16XYn7_nntr3K46HssOEAdjNMXm0hyyP0ubINavHesXI\/edit?usp=sharing\"><em>Seasonality of the construction materials logistics flows in the trade perspective<\/em><\/a><br><br><br><br><br><br><br><br><strong>Day 2<\/strong><br><strong>19 October 2018<\/strong><br><br><br><br>09:o0 \u2014 10:00<br><strong>Keynote Speaker<\/strong><br><strong>Prof. dr. Theodor PURC\u0102REA<\/strong><br><strong>Romanian-American University<\/strong><br><strong>Executive President of SSMAR<\/strong><br><strong>Ex-Minister of Domestic Trade<\/strong><br><strong>Ex-President Romanian Concurrence Council<\/strong><br><a href=\"https:\/\/docs.google.com\/presentation\/d\/1jae3GX97Krg7_FfyLPCBqrSRoqIn3u3SNJ-XXusJc6s\/edit?usp=sharing\"><em>Supply Chain Excellence in the Age of the Ongoing Digital Revolution: Making Better Marketing Decisions with the Help of AI, Better Tracking CX and Driving It<\/em><\/a><br>10:00 \u2014 11:00<br><strong>4th\u00a0Plenary Session<\/strong><br><strong>Demand Chain Management<\/strong><br><strong>Chair<\/strong><br><strong>Claudia SURUGIU<\/strong><br><strong>Authors presentation<\/strong><br>10:00 \u2014 11:00<br><strong>Marius COMAN, Valeric\u0103 TOPLICIANU, Mihaela Denisa COMAN, Cornelia Maria NI\u0162U \u2013\u00a0<\/strong><a href=\"https:\/\/docs.google.com\/presentation\/d\/1Bjvp15cjsdNyy7M7CDBVlmMGhOUBXXkiH6UCll14xL8\/edit?usp=sharing\"><em>R \u2013 programming language or statistical analysis software?<\/em><\/a><br>10:30 \u2014 11:00<br><strong>Claudia SURUGIU<\/strong>\u00a0\u2013\u00a0<em><a href=\"https:\/\/docs.google.com\/presentation\/d\/1IKHtL-L3Jj3p17jfKnaNynXWR-M6CHotw-LtXtpeeAU\/edit?usp=sharing\"><em>Internet of Things Convergence Technologies for Intelligent Transport<\/em><\/a><\/em><br>11:00 \u2014 11:30<br><strong>It\u2019s a coffee\u00a0time. Get some rest!<\/strong><br>11:30 \u2014 12:30<br><strong>Keynote Speaker<\/strong><br><strong>Prof.dr.ing.\u00a0J\u00f6rn SCHLINGENSIEPEN<\/strong><br>Faculty of Mechanical Engineering<br><a href=\"https:\/\/www.thi.de\/\">Technische Hochschule Ingolstadt<\/a><br><em><strong>AI solutions for urban logistics<\/strong><\/em><br>12:30 \u2014 13:30<br><strong>5th\u00a0Plenary Session<\/strong><br><strong>Future Value Chain<\/strong><br><strong>Chair<\/strong><br><strong>Mihaela \u0218TE\u021a<\/strong><br><strong>Authors presentation<\/strong><br>12:30 \u2014 13:00<br><strong>Helena KO\u015aCIELNIAK, Marta STAROSTKA-PATYK<\/strong>\u00a0\u2013<a href=\"https:\/\/docs.google.com\/presentation\/d\/1mMztMFUJCUFfZ-QDZF7JG7FJnXc6BnK2S4DHX1E_BuY\/edit?usp=sharing\"><em>\u00a0Social media in supply chain management<\/em><\/a><br>13:00 \u2014 13:30<br><strong>Robert SA\u0141EK<\/strong>\u00a0\u2013\u00a0<em><a href=\"https:\/\/drive.google.com\/open?id=1ORbiUzbFDsyNpyP_Ko1L9oc7SLlfIs9x09mx8Yigpwc\"><em>Identification of strategic objectives for sustainable development of road transport in Poland<\/em><\/a><\/em><br>13:30 \u2014 14:30<br><strong>It\u2019s a lunch time. Get some rest!<\/strong><br>14:30 \u2014 15:30<br><strong>Keynote Speaker<\/strong><br><strong>Dr. Gerd WOLFRAM<\/strong><br><strong>Founder RFID Implementation METRO Group<\/strong><br><strong>CEO and Owner IoT Innovation &amp; Consult I Partner Digital Connection I Author I Keynote Speaker<\/strong><br><strong>Cologne Area, Germany<\/strong><br><strong>Management Consulting<\/strong><br>15:30 \u2014 16:30<br><strong>6th\u00a0Plenary Session<\/strong><br><strong>Empowerment and Engagement Future Leadership on Digital Revolution<\/strong><br><strong>Chairs<\/strong><br><strong>Virgil POPA<\/strong><br><strong>Authors presentation<\/strong><br>15:30 \u2014 16:00<br><strong>Patricia SAVU<\/strong>\u00a0\u2013<em>\u00a0The Future of Leadership in the Context of Artificial Intelligence<\/em><br>16:00 \u2014 16:30<br><strong>Cristian HAIDUC, Mihaela \u0218TE\u021a<\/strong>\u00a0\u2013\u00a0<em><a href=\"https:\/\/docs.google.com\/document\/d\/1sZBn-2a-44iMAK7sJl5U2Nf4EXY4b2bo0DTWoimII4s\/edit?usp=sharing\"><em>Entrepreneurship in logistics \u2013 trends and perspectives<\/em><\/a><\/em><br>16:30 \u2014 16:45<br><strong>It\u2019s a coffee time. Get some rest!<\/strong><br>16:45 \u2014 18:00<br><strong>7th\u00a0Plenary Session<\/strong><br><strong>Business Intelligence for Supply Chain 4.0<\/strong><br><strong>Chairs<\/strong><br><strong>Marta Starostka-Patyk<\/strong><br><strong>Authors presentation<\/strong><br>16:45 \u2014 17:00<br><strong>Veronica \u0218TEFAN, Bogdan DR\u0102GULIN, Raluca STOICA<\/strong>\u00a0\u2013\u00a0<em><a href=\"https:\/\/docs.google.com\/presentation\/d\/1uXDuUvE7rsqYek1zAvb7k8L87xtHq4XT7xJi9Cq_dgA\/edit?usp=sharing\"><em>The Digital Supply Chain Road Map<\/em><\/a><\/em><br>17:00 \u2014 17:20<br>Marta STAROSTKA- PATYK \u2013\u00a0<em><a href=\"https:\/\/drive.google.com\/open?id=1FU7Dwl0oji5maqPDi0BdQYrQeX-8bu-hA0PKDayfchc\"><em>Logistics aspects of wood trade in the state forests<\/em><\/a><\/em><br>17:20 \u2014 17:40<br><strong>Aleksandra GRABI\u0143SKA<\/strong>\u00a0\u2013\u00a0<em><a href=\"https:\/\/docs.google.com\/document\/d\/1IYlRkyWYzMY5cLyhFkxv8XZlZhsS1kN-vYwJ0cK50wU\/edit?usp=sharing\"><em>Realization of logistics customer service strategy based on the example of logistics service provider<\/em><\/a><\/em><br>17:40 \u2014 18:00<br><strong>Katarzyna GRONDYS<\/strong>\u00a0\u2013\u00a0<em><a href=\"https:\/\/docs.google.com\/document\/d\/1fRA0DBo65oYeCTTaqPG4LlagRx8slkvlwRq4qt1tivA\/edit?usp=sharing\"><em>Sharing the knowledge\u00a0between supply chain companies<\/em><\/a><\/em><br>18:00 \u2014 18:20<br><strong>Alexandra SIMA, Mhai MIEIL\u0102<\/strong>\u00a0\u2013\u00a0<em>Possibilities for using\u00a0the block chain approach in supply chains<\/em><br>18:20 \u2014 18:40<br><strong>Florian IANCU, Mihai MIEIL\u0102<\/strong>\u00a0\u2013\u00a0<em>Applying Supply Chain\u00a0Management as a premise for sustainable\u00a0development<\/em><br>18:40 \u2014 19:00<br><strong>Conclusions<\/strong><br><br><\/td><\/tr><\/tbody><\/table><\/figure>\n\n\n\n<p class=\"has-text-align-center has-huge-font-size\"><a href=\"https:\/\/drive.google.com\/file\/d\/1gxll2HQWA5viUM5KnyZvPMCHLIoeNMGK\/view?usp=sharing\">Conference Moments<\/a><\/p>\n","protected":false},"excerpt":{"rendered":"<p>SPONSOR NOVOMATIC\u00a0 Program ACADEMIC &amp; BUSINESS\u00a0 PARTNERSHIP\u00a02017 SSupply Chain Management for Efficient Consumer Response Conference18 \u2013 19 October 2018 Future Leadership and Artificial Intelligence Drive Value Network Conference HallInternational Conference Center \u00a0Day 118 October 2018 08:00 \u2013 09:00Registration09:00 \u2014 09:30Official openingWelcome speech09:30 \u2014 10:00Welcome\u00a0 ConferenceCo-Chair\u00a0Virgil POPA &amp; Ruediger HAGEDORNOpening \u00a0Conference : Virgil POPA \u2013Founder &amp; [&hellip;]<\/p>\n","protected":false},"author":1,"featured_media":0,"parent":590,"menu_order":7,"comment_status":"closed","ping_status":"closed","template":"","meta":{"footnotes":""},"class_list":["post-836","page","type-page","status-publish","hentry"],"yoast_head":"<!-- This site is optimized with the Yoast SEO plugin v27.4 - https:\/\/yoast.com\/product\/yoast-seo-wordpress\/ -->\n<title>Conference 2018 - Future Leadership and Artificial Intelligence Drive Value Network - Supply Chain Management for Efficient Consumer Response Conference<\/title>\n<meta name=\"robots\" content=\"index, follow, max-snippet:-1, max-image-preview:large, max-video-preview:-1\" \/>\n<link rel=\"canonical\" href=\"https:\/\/www.scm4ecr.com\/index.php\/past-conferences-symposiums\/past-conferences\/conference-2018-future-leadership-and-artificial-intelligence-drive-value-network\/\" \/>\n<meta property=\"og:locale\" content=\"en_US\" \/>\n<meta property=\"og:type\" content=\"article\" \/>\n<meta property=\"og:title\" content=\"Conference 2018 - Future Leadership and Artificial Intelligence Drive Value Network - Supply Chain Management for Efficient Consumer Response Conference\" \/>\n<meta property=\"og:description\" content=\"SPONSOR NOVOMATIC\u00a0 Program ACADEMIC &amp; BUSINESS\u00a0 PARTNERSHIP\u00a02017 SSupply Chain Management for Efficient Consumer Response Conference18 \u2013 19 October 2018 Future Leadership and Artificial Intelligence Drive Value Network Conference HallInternational Conference Center \u00a0Day 118 October 2018 08:00 \u2013 09:00Registration09:00 \u2014 09:30Official openingWelcome speech09:30 \u2014 10:00Welcome\u00a0 ConferenceCo-Chair\u00a0Virgil POPA &amp; Ruediger HAGEDORNOpening \u00a0Conference : Virgil POPA \u2013Founder &amp; [&hellip;]\" \/>\n<meta property=\"og:url\" content=\"https:\/\/www.scm4ecr.com\/index.php\/past-conferences-symposiums\/past-conferences\/conference-2018-future-leadership-and-artificial-intelligence-drive-value-network\/\" \/>\n<meta property=\"og:site_name\" content=\"Supply Chain Management for Efficient Consumer Response Conference\" \/>\n<meta property=\"article:modified_time\" content=\"2026-01-08T19:17:13+00:00\" \/>\n<meta name=\"twitter:card\" content=\"summary_large_image\" \/>\n<meta name=\"twitter:label1\" content=\"Est. reading time\" \/>\n\t<meta name=\"twitter:data1\" content=\"4 minutes\" \/>\n<script type=\"application\/ld+json\" class=\"yoast-schema-graph\">{\"@context\":\"https:\\\/\\\/schema.org\",\"@graph\":[{\"@type\":\"WebPage\",\"@id\":\"https:\\\/\\\/www.scm4ecr.com\\\/index.php\\\/past-conferences-symposiums\\\/past-conferences\\\/conference-2018-future-leadership-and-artificial-intelligence-drive-value-network\\\/\",\"url\":\"https:\\\/\\\/www.scm4ecr.com\\\/index.php\\\/past-conferences-symposiums\\\/past-conferences\\\/conference-2018-future-leadership-and-artificial-intelligence-drive-value-network\\\/\",\"name\":\"Conference 2018 - Future Leadership and Artificial Intelligence Drive Value Network - Supply Chain Management for Efficient Consumer Response Conference\",\"isPartOf\":{\"@id\":\"https:\\\/\\\/www.scm4ecr.com\\\/#website\"},\"datePublished\":\"2025-12-07T13:48:15+00:00\",\"dateModified\":\"2026-01-08T19:17:13+00:00\",\"breadcrumb\":{\"@id\":\"https:\\\/\\\/www.scm4ecr.com\\\/index.php\\\/past-conferences-symposiums\\\/past-conferences\\\/conference-2018-future-leadership-and-artificial-intelligence-drive-value-network\\\/#breadcrumb\"},\"inLanguage\":\"en-US\",\"potentialAction\":[{\"@type\":\"ReadAction\",\"target\":[\"https:\\\/\\\/www.scm4ecr.com\\\/index.php\\\/past-conferences-symposiums\\\/past-conferences\\\/conference-2018-future-leadership-and-artificial-intelligence-drive-value-network\\\/\"]}]},{\"@type\":\"BreadcrumbList\",\"@id\":\"https:\\\/\\\/www.scm4ecr.com\\\/index.php\\\/past-conferences-symposiums\\\/past-conferences\\\/conference-2018-future-leadership-and-artificial-intelligence-drive-value-network\\\/#breadcrumb\",\"itemListElement\":[{\"@type\":\"ListItem\",\"position\":1,\"name\":\"Home\",\"item\":\"https:\\\/\\\/www.scm4ecr.com\\\/\"},{\"@type\":\"ListItem\",\"position\":2,\"name\":\"Past Conferences &amp; Symposiums\",\"item\":\"https:\\\/\\\/www.scm4ecr.com\\\/index.php\\\/past-conferences-symposiums\\\/\"},{\"@type\":\"ListItem\",\"position\":3,\"name\":\"Past Conferences\",\"item\":\"https:\\\/\\\/www.scm4ecr.com\\\/index.php\\\/past-conferences-symposiums\\\/past-conferences\\\/\"},{\"@type\":\"ListItem\",\"position\":4,\"name\":\"Conference 2018 &#8211; Future Leadership and Artificial Intelligence Drive Value Network\"}]},{\"@type\":\"WebSite\",\"@id\":\"https:\\\/\\\/www.scm4ecr.com\\\/#website\",\"url\":\"https:\\\/\\\/www.scm4ecr.com\\\/\",\"name\":\"Supply Chain Management for Efficient Consumer Response Conference\",\"description\":\"Academics and Business Partnerships\",\"publisher\":{\"@id\":\"https:\\\/\\\/www.scm4ecr.com\\\/#organization\"},\"potentialAction\":[{\"@type\":\"SearchAction\",\"target\":{\"@type\":\"EntryPoint\",\"urlTemplate\":\"https:\\\/\\\/www.scm4ecr.com\\\/?s={search_term_string}\"},\"query-input\":{\"@type\":\"PropertyValueSpecification\",\"valueRequired\":true,\"valueName\":\"search_term_string\"}}],\"inLanguage\":\"en-US\"},{\"@type\":\"Organization\",\"@id\":\"https:\\\/\\\/www.scm4ecr.com\\\/#organization\",\"name\":\"Supply Chain Management for Efficient Consumer Response Conference\",\"url\":\"https:\\\/\\\/www.scm4ecr.com\\\/\",\"logo\":{\"@type\":\"ImageObject\",\"inLanguage\":\"en-US\",\"@id\":\"https:\\\/\\\/www.scm4ecr.com\\\/#\\\/schema\\\/logo\\\/image\\\/\",\"url\":\"https:\\\/\\\/www.scm4ecr.com\\\/wp-content\\\/uploads\\\/2025\\\/11\\\/logo-scm4ecr.jpg\",\"contentUrl\":\"https:\\\/\\\/www.scm4ecr.com\\\/wp-content\\\/uploads\\\/2025\\\/11\\\/logo-scm4ecr.jpg\",\"width\":619,\"height\":110,\"caption\":\"Supply Chain Management for Efficient Consumer Response Conference\"},\"image\":{\"@id\":\"https:\\\/\\\/www.scm4ecr.com\\\/#\\\/schema\\\/logo\\\/image\\\/\"}}]}<\/script>\n<!-- \/ Yoast SEO plugin. -->","yoast_head_json":{"title":"Conference 2018 - Future Leadership and Artificial Intelligence Drive Value Network - Supply Chain Management for Efficient Consumer Response Conference","robots":{"index":"index","follow":"follow","max-snippet":"max-snippet:-1","max-image-preview":"max-image-preview:large","max-video-preview":"max-video-preview:-1"},"canonical":"https:\/\/www.scm4ecr.com\/index.php\/past-conferences-symposiums\/past-conferences\/conference-2018-future-leadership-and-artificial-intelligence-drive-value-network\/","og_locale":"en_US","og_type":"article","og_title":"Conference 2018 - Future Leadership and Artificial Intelligence Drive Value Network - Supply Chain Management for Efficient Consumer Response Conference","og_description":"SPONSOR NOVOMATIC\u00a0 Program ACADEMIC &amp; BUSINESS\u00a0 PARTNERSHIP\u00a02017 SSupply Chain Management for Efficient Consumer Response Conference18 \u2013 19 October 2018 Future Leadership and Artificial Intelligence Drive Value Network Conference HallInternational Conference Center \u00a0Day 118 October 2018 08:00 \u2013 09:00Registration09:00 \u2014 09:30Official openingWelcome speech09:30 \u2014 10:00Welcome\u00a0 ConferenceCo-Chair\u00a0Virgil POPA &amp; Ruediger HAGEDORNOpening \u00a0Conference : Virgil POPA \u2013Founder &amp; [&hellip;]","og_url":"https:\/\/www.scm4ecr.com\/index.php\/past-conferences-symposiums\/past-conferences\/conference-2018-future-leadership-and-artificial-intelligence-drive-value-network\/","og_site_name":"Supply Chain Management for Efficient Consumer Response Conference","article_modified_time":"2026-01-08T19:17:13+00:00","twitter_card":"summary_large_image","twitter_misc":{"Est. reading time":"4 minutes"},"schema":{"@context":"https:\/\/schema.org","@graph":[{"@type":"WebPage","@id":"https:\/\/www.scm4ecr.com\/index.php\/past-conferences-symposiums\/past-conferences\/conference-2018-future-leadership-and-artificial-intelligence-drive-value-network\/","url":"https:\/\/www.scm4ecr.com\/index.php\/past-conferences-symposiums\/past-conferences\/conference-2018-future-leadership-and-artificial-intelligence-drive-value-network\/","name":"Conference 2018 - Future Leadership and Artificial Intelligence Drive Value Network - Supply Chain Management for Efficient Consumer Response Conference","isPartOf":{"@id":"https:\/\/www.scm4ecr.com\/#website"},"datePublished":"2025-12-07T13:48:15+00:00","dateModified":"2026-01-08T19:17:13+00:00","breadcrumb":{"@id":"https:\/\/www.scm4ecr.com\/index.php\/past-conferences-symposiums\/past-conferences\/conference-2018-future-leadership-and-artificial-intelligence-drive-value-network\/#breadcrumb"},"inLanguage":"en-US","potentialAction":[{"@type":"ReadAction","target":["https:\/\/www.scm4ecr.com\/index.php\/past-conferences-symposiums\/past-conferences\/conference-2018-future-leadership-and-artificial-intelligence-drive-value-network\/"]}]},{"@type":"BreadcrumbList","@id":"https:\/\/www.scm4ecr.com\/index.php\/past-conferences-symposiums\/past-conferences\/conference-2018-future-leadership-and-artificial-intelligence-drive-value-network\/#breadcrumb","itemListElement":[{"@type":"ListItem","position":1,"name":"Home","item":"https:\/\/www.scm4ecr.com\/"},{"@type":"ListItem","position":2,"name":"Past Conferences &amp; Symposiums","item":"https:\/\/www.scm4ecr.com\/index.php\/past-conferences-symposiums\/"},{"@type":"ListItem","position":3,"name":"Past Conferences","item":"https:\/\/www.scm4ecr.com\/index.php\/past-conferences-symposiums\/past-conferences\/"},{"@type":"ListItem","position":4,"name":"Conference 2018 &#8211; Future Leadership and Artificial Intelligence Drive Value Network"}]},{"@type":"WebSite","@id":"https:\/\/www.scm4ecr.com\/#website","url":"https:\/\/www.scm4ecr.com\/","name":"Supply Chain Management for Efficient Consumer Response Conference","description":"Academics and Business Partnerships","publisher":{"@id":"https:\/\/www.scm4ecr.com\/#organization"},"potentialAction":[{"@type":"SearchAction","target":{"@type":"EntryPoint","urlTemplate":"https:\/\/www.scm4ecr.com\/?s={search_term_string}"},"query-input":{"@type":"PropertyValueSpecification","valueRequired":true,"valueName":"search_term_string"}}],"inLanguage":"en-US"},{"@type":"Organization","@id":"https:\/\/www.scm4ecr.com\/#organization","name":"Supply Chain Management for Efficient Consumer Response Conference","url":"https:\/\/www.scm4ecr.com\/","logo":{"@type":"ImageObject","inLanguage":"en-US","@id":"https:\/\/www.scm4ecr.com\/#\/schema\/logo\/image\/","url":"https:\/\/www.scm4ecr.com\/wp-content\/uploads\/2025\/11\/logo-scm4ecr.jpg","contentUrl":"https:\/\/www.scm4ecr.com\/wp-content\/uploads\/2025\/11\/logo-scm4ecr.jpg","width":619,"height":110,"caption":"Supply Chain Management for Efficient Consumer Response Conference"},"image":{"@id":"https:\/\/www.scm4ecr.com\/#\/schema\/logo\/image\/"}}]}},"_links":{"self":[{"href":"https:\/\/www.scm4ecr.com\/index.php\/wp-json\/wp\/v2\/pages\/836","targetHints":{"allow":["GET"]}}],"collection":[{"href":"https:\/\/www.scm4ecr.com\/index.php\/wp-json\/wp\/v2\/pages"}],"about":[{"href":"https:\/\/www.scm4ecr.com\/index.php\/wp-json\/wp\/v2\/types\/page"}],"author":[{"embeddable":true,"href":"https:\/\/www.scm4ecr.com\/index.php\/wp-json\/wp\/v2\/users\/1"}],"replies":[{"embeddable":true,"href":"https:\/\/www.scm4ecr.com\/index.php\/wp-json\/wp\/v2\/comments?post=836"}],"version-history":[{"count":7,"href":"https:\/\/www.scm4ecr.com\/index.php\/wp-json\/wp\/v2\/pages\/836\/revisions"}],"predecessor-version":[{"id":1124,"href":"https:\/\/www.scm4ecr.com\/index.php\/wp-json\/wp\/v2\/pages\/836\/revisions\/1124"}],"up":[{"embeddable":true,"href":"https:\/\/www.scm4ecr.com\/index.php\/wp-json\/wp\/v2\/pages\/590"}],"wp:attachment":[{"href":"https:\/\/www.scm4ecr.com\/index.php\/wp-json\/wp\/v2\/media?parent=836"}],"curies":[{"name":"wp","href":"https:\/\/api.w.org\/{rel}","templated":true}]}}