{"id":691,"date":"2006-11-30T21:38:00","date_gmt":"2006-11-30T19:38:00","guid":{"rendered":"https:\/\/www.scm4ecr.com\/?page_id=691"},"modified":"2025-12-01T11:46:26","modified_gmt":"2025-12-01T09:46:26","slug":"symposium-2006-strategia-ecr-si-managementul-lantului-logistic","status":"publish","type":"page","link":"https:\/\/www.scm4ecr.com\/index.php\/past-conferences-symposiums\/past-symposiums\/symposium-2006-strategia-ecr-si-managementul-lantului-logistic\/","title":{"rendered":"Symposium 2006 &#8211; Strategia ECR \u0219i Managementul Lan\u021bului Logistic"},"content":{"rendered":"\n<h5 class=\"wp-block-heading has-text-align-center\"><strong>Strategia ECR \u0219i Managementul Lan\u021bului Logistic<\/strong><\/h5>\n\n\n\n<h5 class=\"wp-block-heading has-text-align-center\"><strong>T\u00e2rgovi\u015fte<\/strong><\/h5>\n\n\n\n<h5 class=\"wp-block-heading has-text-align-center\"><strong>8-9 decembrie 2006<\/strong><\/h5>\n\n\n\n<figure class=\"wp-block-table alignwide\"><table class=\"has-fixed-layout\"><tbody><tr><td class=\"has-text-align-center\" data-align=\"center\" colspan=\"2\">&nbsp;VINERI 8.12.2006<\/td><\/tr><tr><td class=\"has-text-align-center\" data-align=\"center\">&nbsp;9.00 \u2013 10.00<\/td><td class=\"has-text-align-center\" data-align=\"center\">&nbsp;PRIMIREA INVITA\u0162ILOR(Biblioteca Multimedia 1 \u2013 Str. Lt. Stancu Ion, nr. 35)<\/td><\/tr><tr><td class=\"has-text-align-center\" data-align=\"center\">10.00 \u2013 10.30&nbsp;<\/td><td class=\"has-text-align-center\" data-align=\"center\">&nbsp;DESCHIDEREA&nbsp; SIMPOZIONULUI<\/td><\/tr><tr><td class=\"has-text-align-center\" data-align=\"center\">10.30 \u2013 11.00&nbsp;<\/td><td class=\"has-text-align-center\" data-align=\"center\">&nbsp;<strong>Cuv\u00e2nt \u00eenainte:<\/strong>&nbsp;Prof. dr. ION CUCUI \u2013&nbsp;Rectorul Universit\u0103\u0163ii Valahia din T\u00e2rgovi\u015fte<strong>Cuv\u00e2nt de salut:<\/strong>Prof. dr. Virgil Popa \u2013 Director Departament ECR \u2013 Universitatea Valahia din T\u00e2rgovi\u015fte,&nbsp;Membru Managing Board ECR Rom\u00e2nia, Membru ECR Europe Academic PartnershipProf. dr. Theodor Purc\u0103rea \u2013 Universitatea Rom\u00e2no \u2013 American\u0103, Pre\u015fedintele Comitetului Rom\u00e2n al Distribu\u0163iei \u2013<a href=\"https:\/\/drive.google.com\/file\/d\/0B4dxx8_8gi7lSURyWmVBaWd2UXM\/view?usp=sharing\">&nbsp;ECR&nbsp;si&nbsp;obiectivul&nbsp;fundamental&nbsp;al&nbsp;satisfac\u0163iei&nbsp;si&nbsp;loialit\u0103\u0163ii&nbsp;consumatorilor&nbsp;pe&nbsp;o baz\u0103 eficace<\/a><\/td><\/tr><tr><td class=\"has-text-align-center\" data-align=\"center\">11.00 \u2013 11.30&nbsp;<\/td><td class=\"has-text-align-center\" data-align=\"center\">Prof. dr. Virgil Popa, Departamentul ECR, Universitatea&nbsp; Valahia din T\u00e2rgovi\u015fte \u2013&nbsp;<a href=\"https:\/\/drive.google.com\/file\/d\/0B4dxx8_8gi7lWDFPdXJZVnZJbzg\/view?usp=sharing\">Procese&nbsp;de&nbsp;\u00eenv\u0103\u0163are&nbsp;\u015fi&nbsp;antrenare&nbsp;\u00een&nbsp;bunele&nbsp;practici&nbsp;manageriale&nbsp;ECR&nbsp;(Efficient Consumer Response \u2013 R\u0103spuns eficient consumatorului)<\/a><\/td><\/tr><tr><td class=\"has-text-align-center\" data-align=\"center\">11.30 \u2013 12.00&nbsp;<\/td><td class=\"has-text-align-center\" data-align=\"center\">&nbsp;PAUZ\u0102 DE CAFEA<\/td><\/tr><tr><td class=\"has-text-align-center\" data-align=\"center\">12.00 \u2013 12.20&nbsp;<\/td><td class=\"has-text-align-center\" data-align=\"center\">&nbsp;Prof. dr. Ana Lucia Ristea, Director Departament Cercet\u0103ri, prof. dr. Ion Steg\u0103roiu, Decan Facultatea de \u015etiin\u0163e Economice, Universitatea Valahia din T\u00e2rgovi\u015fte \u2013&nbsp;<a href=\"https:\/\/drive.google.com\/file\/d\/0B4dxx8_8gi7lcC1UZ2NfZGNpZXM\/view?usp=sharing\">IMM-urile rom\u00e2ne\u015fti, poten\u0163iale victime ale erei e-business<\/a><\/td><\/tr><tr><td class=\"has-text-align-center\" data-align=\"center\">12.20 \u2013 12.40&nbsp;<\/td><td class=\"has-text-align-center\" data-align=\"center\">&nbsp;Conf. dr. Lauren\u0163iu T\u0103chiciu, Head of the Department of Commerce, Academia de Studii Economice Bucure\u015fti \u2013&nbsp;<a href=\"https:\/\/drive.google.com\/file\/d\/0B4dxx8_8gi7lVzA4TktLTnFqR2s\/view?usp=sharing\">Subcontractarea serviciilor logistice si viitorul ECR<\/a><\/td><\/tr><tr><td class=\"has-text-align-center\" data-align=\"center\">12.40 \u2013 13.00<\/td><td class=\"has-text-align-center\" data-align=\"center\">&nbsp;Asist. drd. Florea Nelu, Univ. AL. I Cuza \u2013 Ia\u015fi, Facultatea de Economie \u015fi Administrarea Afacerilor, Catedra de Management \u2013 Marketing \u2013&nbsp;<a href=\"https:\/\/drive.google.com\/file\/d\/0B4dxx8_8gi7lQUxoMVVsWU9IeXc\/view?usp=sharing\">Cre\u015fterea flexibilit\u0103\u0163ii firmelor prin externalizarea activit\u0103\u0163ilor<\/a><\/td><\/tr><tr><td class=\"has-text-align-center\" data-align=\"center\">13.00 \u2013 13.20<\/td><td class=\"has-text-align-center\" data-align=\"center\">Ec. Aurelian Ionescu, Departamentul ECR, Universitatea Valahia din T\u00e2rgovi\u015fte \u2013&nbsp;<a href=\"https:\/\/drive.google.com\/file\/d\/0B4dxx8_8gi7ldE9mbEtodkx4Nms\/view?usp=sharing\">Tehnologia identific\u0103rii prin frecven\u0163e radio (RFID)<\/a><\/td><\/tr><tr><td class=\"has-text-align-center\" data-align=\"center\">&nbsp;13.20 \u2013 13.30<\/td><td class=\"has-text-align-center\" data-align=\"center\">&nbsp;\u00ceNTREB\u0102RI, CONCLUZII<\/td><\/tr><tr><td class=\"has-text-align-center\" data-align=\"center\">13.30 \u2013 14.30&nbsp;<\/td><td class=\"has-text-align-center\" data-align=\"center\">&nbsp;MAS\u0102 DE PR\u00c2NZ<\/td><\/tr><tr><td class=\"has-text-align-center\" data-align=\"center\">14.30 \u2013 14.50<\/td><td class=\"has-text-align-center\" data-align=\"center\">Prof. dr. Virgil Popa, Departamentul ECR, Universitatea&nbsp;Valahia din T\u00e2rgovi\u015fte \u2013&nbsp;Managementul rela\u0163iei cu furnizorii (SRM \u2013 Supplier Relationship Management), fundament al SCM pentru un r\u0103spuns eficient consumatorului<\/td><\/tr><tr><td class=\"has-text-align-center\" data-align=\"center\">14.50 \u2013 15.10&nbsp;<\/td><td class=\"has-text-align-center\" data-align=\"center\">&nbsp;Conf. dr. Sorin Toma, Academia de Studii Economice Bucure\u015fti, Facultatea de Comer\u0163 \u2013&nbsp;<a href=\"https:\/\/drive.google.com\/file\/d\/0B4dxx8_8gi7lNlZaYXRHd2tHVk0\/view?usp=sharing\">Toyotism \u015fi lean management<\/a><\/td><\/tr><tr><td class=\"has-text-align-center\" data-align=\"center\">15.10 \u2013 15.30&nbsp;<\/td><td class=\"has-text-align-center\" data-align=\"center\">&nbsp;Prof. dr. Carmen Costea, Academia de Studii Economice Bucure\u015fti, Facultatea de Comer\u0163 \u2013&nbsp;<a href=\"https:\/\/drive.google.com\/file\/d\/0B4dxx8_8gi7lSnVXX19XMzF0X3c\/view?usp=sharing\">Abord\u0103ri societale privind fidelizarea rela\u0163iilor cu clien\u0163ii<\/a><\/td><\/tr><tr><td class=\"has-text-align-center\" data-align=\"center\">15.30 \u2013 15.50&nbsp;<\/td><td class=\"has-text-align-center\" data-align=\"center\">&nbsp;Prof. dr.Dorina T\u0103n\u0103sescu, drd.Irina Ionescu, Universitatea Valahia din T\u00e2rgovi\u015fte \u2013&nbsp;<a href=\"https:\/\/drive.google.com\/file\/d\/0B4dxx8_8gi7lS2RyNWVxSkJYSDg\/view?usp=sharing\">Calitatea strategic\u0103 a ofertei educa\u0163ionale<\/a><\/td><\/tr><tr><td class=\"has-text-align-center\" data-align=\"center\">15.50 \u2013 16.10<\/td><td class=\"has-text-align-center\" data-align=\"center\">Asist. drd. Antonoaie Cristina, Universitatea Transilvania Bra\u015fov \u2013&nbsp;<a href=\"https:\/\/drive.google.com\/file\/d\/0B4dxx8_8gi7laTEtY2lfMld5XzQ\/view?usp=sharing\">Tabloul de bord<\/a><\/td><\/tr><tr><td class=\"has-text-align-center\" data-align=\"center\">16.10 \u2013 16.30<\/td><td class=\"has-text-align-center\" data-align=\"center\">\u00ceNTREB\u0102RI. CONCLUZII.<\/td><\/tr><tr><td class=\"has-text-align-center\" data-align=\"center\" colspan=\"2\">&nbsp;S\u00c2MB\u0102T\u0102 9.12.2006<\/td><\/tr><tr><td class=\"has-text-align-center\" data-align=\"center\">10.00 \u2013 10.45<\/td><td class=\"has-text-align-center\" data-align=\"center\">Generarea unei platforme de \u00eenv\u0103\u0163are \u015fi cercetare pentru studen\u0163i, viitori participan\u0163i la Olimpiada ECR Europe<a href=\"https:\/\/drive.google.com\/file\/d\/0B4dxx8_8gi7lbDVCSEtzd05jN2s\/view?usp=sharing\">Tabloul de bord, instrument de conducere al unei organiza\u0163ii din lan\u0163ul de distribu\u0163ie<\/a>Studen\u0163i: Topolic\u0103 Maria Magdalena, Mitoi Marilena, Facultatea de \u015etiin\u0163e Economice, Specializarea Management, an IVProfesor coordonator: prof. dr. Virgil Popa<a href=\"https:\/\/drive.google.com\/file\/d\/0B4dxx8_8gi7lRnNwWHM4WHJGUVk\/view?usp=sharing\">Optimizarea disponibilit\u0103\u0163ii la raft pentru un r\u0103spuns eficient consumatorului<\/a>Student: Vl\u0103dulescu Emanuel, Facultatea de \u015etiin\u0163e&nbsp;&nbsp;Economice, Specializarea Marketing, an IVProfesor coordonator: prof. dr. Virgil Popa<\/td><\/tr><tr><td class=\"has-text-align-center\" data-align=\"center\">10.45 \u2013 11.00&nbsp;<\/td><td class=\"has-text-align-center\" data-align=\"center\">&nbsp;\u00ceNCHIDEREA SIMPOZIONULUI<\/td><\/tr><tr><td class=\"has-text-align-center\" data-align=\"center\">11.00 \u2013 14.00<\/td><td class=\"has-text-align-center\" data-align=\"center\">VIZIT\u0102 CURTEA DOMNEASC\u0102 \u015eI M\u0102N\u0102STIREA DEALU<\/td><\/tr><tr><td class=\"has-text-align-center\" data-align=\"center\">&nbsp;<\/td><td class=\"has-text-align-center\" data-align=\"center\">\u00a0SPONSOR: <br>S.C. JARJAT S.R.L.<\/td><\/tr><\/tbody><\/table><\/figure>\n\n\n\n<p class=\"has-text-align-center has-large-font-size\"><a href=\"https:\/\/docs.google.com\/presentation\/d\/1rx286rvE_dpJoTVi93YyGYVxg_Cl_x_-B1J6tzatSjY\/edit?usp=sharing\"><strong>Photo Symposium 200<\/strong>6<\/a><\/p>\n\n\n\n<p><\/p>\n","protected":false},"excerpt":{"rendered":"<p>Strategia ECR \u0219i Managementul Lan\u021bului Logistic T\u00e2rgovi\u015fte 8-9 decembrie 2006 &nbsp;VINERI 8.12.2006 &nbsp;9.00 \u2013 10.00 &nbsp;PRIMIREA INVITA\u0162ILOR(Biblioteca Multimedia 1 \u2013 Str. Lt. Stancu Ion, nr. 35) 10.00 \u2013 10.30&nbsp; &nbsp;DESCHIDEREA&nbsp; SIMPOZIONULUI 10.30 \u2013 11.00&nbsp; &nbsp;Cuv\u00e2nt \u00eenainte:&nbsp;Prof. dr. ION CUCUI \u2013&nbsp;Rectorul Universit\u0103\u0163ii Valahia din T\u00e2rgovi\u015fteCuv\u00e2nt de salut:Prof. dr. Virgil Popa \u2013 Director Departament ECR \u2013 Universitatea [&hellip;]<\/p>\n","protected":false},"author":1,"featured_media":687,"parent":656,"menu_order":1,"comment_status":"closed","ping_status":"closed","template":"","meta":{"footnotes":""},"class_list":["post-691","page","type-page","status-publish","has-post-thumbnail","hentry"],"yoast_head":"<!-- This site is optimized with the Yoast SEO plugin v27.4 - https:\/\/yoast.com\/product\/yoast-seo-wordpress\/ -->\n<title>Strategia ECR \u0219i Managementul Lan\u021bului Logistic<\/title>\n<meta name=\"description\" content=\"Explore Symposium 2006 - Strategia ECR \u0219i Managementul Lan\u021bului Logistic and its significance in supply chain management.\" \/>\n<meta name=\"robots\" content=\"index, follow, max-snippet:-1, max-image-preview:large, max-video-preview:-1\" \/>\n<link rel=\"canonical\" href=\"https:\/\/www.scm4ecr.com\/index.php\/symposium-2006-strategia-ecr-si-managementul-lantului-logistic\/\" \/>\n<meta property=\"og:locale\" content=\"en_US\" \/>\n<meta property=\"og:type\" content=\"article\" \/>\n<meta property=\"og:title\" content=\"Strategia ECR \u0219i Managementul Lan\u021bului Logistic\" \/>\n<meta property=\"og:description\" content=\"Explore Symposium 2006 - Strategia ECR \u0219i Managementul Lan\u021bului Logistic and its significance in supply chain management.\" \/>\n<meta property=\"og:url\" content=\"https:\/\/www.scm4ecr.com\/index.php\/symposium-2006-strategia-ecr-si-managementul-lantului-logistic\/\" \/>\n<meta property=\"og:site_name\" content=\"Supply Chain Management for Efficient Consumer Response Conference\" \/>\n<meta property=\"article:modified_time\" content=\"2025-12-01T09:46:26+00:00\" \/>\n<meta property=\"og:image\" content=\"https:\/\/www.scm4ecr.com\/wp-content\/uploads\/2025\/11\/symposium-2006.png\" \/>\n\t<meta property=\"og:image:width\" content=\"640\" \/>\n\t<meta property=\"og:image:height\" content=\"480\" \/>\n\t<meta property=\"og:image:type\" content=\"image\/png\" \/>\n<meta name=\"twitter:card\" content=\"summary_large_image\" \/>\n<meta name=\"twitter:label1\" content=\"Est. reading time\" \/>\n\t<meta name=\"twitter:data1\" content=\"3 minutes\" \/>\n<script type=\"application\/ld+json\" class=\"yoast-schema-graph\">{\"@context\":\"https:\\\/\\\/schema.org\",\"@graph\":[{\"@type\":\"WebPage\",\"@id\":\"https:\\\/\\\/www.scm4ecr.com\\\/index.php\\\/symposium-2006-strategia-ecr-si-managementul-lantului-logistic\\\/\",\"url\":\"https:\\\/\\\/www.scm4ecr.com\\\/index.php\\\/symposium-2006-strategia-ecr-si-managementul-lantului-logistic\\\/\",\"name\":\"Strategia ECR \u0219i Managementul Lan\u021bului Logistic\",\"isPartOf\":{\"@id\":\"https:\\\/\\\/www.scm4ecr.com\\\/#website\"},\"primaryImageOfPage\":{\"@id\":\"https:\\\/\\\/www.scm4ecr.com\\\/index.php\\\/symposium-2006-strategia-ecr-si-managementul-lantului-logistic\\\/#primaryimage\"},\"image\":{\"@id\":\"https:\\\/\\\/www.scm4ecr.com\\\/index.php\\\/symposium-2006-strategia-ecr-si-managementul-lantului-logistic\\\/#primaryimage\"},\"thumbnailUrl\":\"https:\\\/\\\/www.scm4ecr.com\\\/wp-content\\\/uploads\\\/2025\\\/11\\\/symposium-2006.png\",\"datePublished\":\"2006-11-30T19:38:00+00:00\",\"dateModified\":\"2025-12-01T09:46:26+00:00\",\"description\":\"Explore Symposium 2006 - Strategia ECR \u0219i Managementul Lan\u021bului Logistic and its significance in supply chain management.\",\"breadcrumb\":{\"@id\":\"https:\\\/\\\/www.scm4ecr.com\\\/index.php\\\/symposium-2006-strategia-ecr-si-managementul-lantului-logistic\\\/#breadcrumb\"},\"inLanguage\":\"en-US\",\"potentialAction\":[{\"@type\":\"ReadAction\",\"target\":[\"https:\\\/\\\/www.scm4ecr.com\\\/index.php\\\/symposium-2006-strategia-ecr-si-managementul-lantului-logistic\\\/\"]}]},{\"@type\":\"ImageObject\",\"inLanguage\":\"en-US\",\"@id\":\"https:\\\/\\\/www.scm4ecr.com\\\/index.php\\\/symposium-2006-strategia-ecr-si-managementul-lantului-logistic\\\/#primaryimage\",\"url\":\"https:\\\/\\\/www.scm4ecr.com\\\/wp-content\\\/uploads\\\/2025\\\/11\\\/symposium-2006.png\",\"contentUrl\":\"https:\\\/\\\/www.scm4ecr.com\\\/wp-content\\\/uploads\\\/2025\\\/11\\\/symposium-2006.png\",\"width\":640,\"height\":480},{\"@type\":\"BreadcrumbList\",\"@id\":\"https:\\\/\\\/www.scm4ecr.com\\\/index.php\\\/symposium-2006-strategia-ecr-si-managementul-lantului-logistic\\\/#breadcrumb\",\"itemListElement\":[{\"@type\":\"ListItem\",\"position\":1,\"name\":\"Home\",\"item\":\"https:\\\/\\\/www.scm4ecr.com\\\/\"},{\"@type\":\"ListItem\",\"position\":2,\"name\":\"Symposium 2006 &#8211; Strategia ECR \u0219i Managementul Lan\u021bului Logistic\"}]},{\"@type\":\"WebSite\",\"@id\":\"https:\\\/\\\/www.scm4ecr.com\\\/#website\",\"url\":\"https:\\\/\\\/www.scm4ecr.com\\\/\",\"name\":\"Supply Chain Management for Efficient Consumer Response Conference\",\"description\":\"Academics and Business Partnerships\",\"publisher\":{\"@id\":\"https:\\\/\\\/www.scm4ecr.com\\\/#organization\"},\"potentialAction\":[{\"@type\":\"SearchAction\",\"target\":{\"@type\":\"EntryPoint\",\"urlTemplate\":\"https:\\\/\\\/www.scm4ecr.com\\\/?s={search_term_string}\"},\"query-input\":{\"@type\":\"PropertyValueSpecification\",\"valueRequired\":true,\"valueName\":\"search_term_string\"}}],\"inLanguage\":\"en-US\"},{\"@type\":\"Organization\",\"@id\":\"https:\\\/\\\/www.scm4ecr.com\\\/#organization\",\"name\":\"Supply Chain Management for Efficient Consumer Response Conference\",\"url\":\"https:\\\/\\\/www.scm4ecr.com\\\/\",\"logo\":{\"@type\":\"ImageObject\",\"inLanguage\":\"en-US\",\"@id\":\"https:\\\/\\\/www.scm4ecr.com\\\/#\\\/schema\\\/logo\\\/image\\\/\",\"url\":\"https:\\\/\\\/www.scm4ecr.com\\\/wp-content\\\/uploads\\\/2025\\\/11\\\/logo-scm4ecr.jpg\",\"contentUrl\":\"https:\\\/\\\/www.scm4ecr.com\\\/wp-content\\\/uploads\\\/2025\\\/11\\\/logo-scm4ecr.jpg\",\"width\":619,\"height\":110,\"caption\":\"Supply Chain Management for Efficient Consumer Response Conference\"},\"image\":{\"@id\":\"https:\\\/\\\/www.scm4ecr.com\\\/#\\\/schema\\\/logo\\\/image\\\/\"}}]}<\/script>\n<!-- \/ Yoast SEO plugin. -->","yoast_head_json":{"title":"Strategia ECR \u0219i Managementul Lan\u021bului Logistic","description":"Explore Symposium 2006 - Strategia ECR \u0219i Managementul Lan\u021bului Logistic and its significance in supply chain management.","robots":{"index":"index","follow":"follow","max-snippet":"max-snippet:-1","max-image-preview":"max-image-preview:large","max-video-preview":"max-video-preview:-1"},"canonical":"https:\/\/www.scm4ecr.com\/index.php\/symposium-2006-strategia-ecr-si-managementul-lantului-logistic\/","og_locale":"en_US","og_type":"article","og_title":"Strategia ECR \u0219i Managementul Lan\u021bului Logistic","og_description":"Explore Symposium 2006 - Strategia ECR \u0219i Managementul Lan\u021bului Logistic and its significance in supply chain management.","og_url":"https:\/\/www.scm4ecr.com\/index.php\/symposium-2006-strategia-ecr-si-managementul-lantului-logistic\/","og_site_name":"Supply Chain Management for Efficient Consumer Response Conference","article_modified_time":"2025-12-01T09:46:26+00:00","og_image":[{"width":640,"height":480,"url":"https:\/\/www.scm4ecr.com\/wp-content\/uploads\/2025\/11\/symposium-2006.png","type":"image\/png"}],"twitter_card":"summary_large_image","twitter_misc":{"Est. reading time":"3 minutes"},"schema":{"@context":"https:\/\/schema.org","@graph":[{"@type":"WebPage","@id":"https:\/\/www.scm4ecr.com\/index.php\/symposium-2006-strategia-ecr-si-managementul-lantului-logistic\/","url":"https:\/\/www.scm4ecr.com\/index.php\/symposium-2006-strategia-ecr-si-managementul-lantului-logistic\/","name":"Strategia ECR \u0219i Managementul Lan\u021bului Logistic","isPartOf":{"@id":"https:\/\/www.scm4ecr.com\/#website"},"primaryImageOfPage":{"@id":"https:\/\/www.scm4ecr.com\/index.php\/symposium-2006-strategia-ecr-si-managementul-lantului-logistic\/#primaryimage"},"image":{"@id":"https:\/\/www.scm4ecr.com\/index.php\/symposium-2006-strategia-ecr-si-managementul-lantului-logistic\/#primaryimage"},"thumbnailUrl":"https:\/\/www.scm4ecr.com\/wp-content\/uploads\/2025\/11\/symposium-2006.png","datePublished":"2006-11-30T19:38:00+00:00","dateModified":"2025-12-01T09:46:26+00:00","description":"Explore Symposium 2006 - Strategia ECR \u0219i Managementul Lan\u021bului Logistic and its significance in supply chain management.","breadcrumb":{"@id":"https:\/\/www.scm4ecr.com\/index.php\/symposium-2006-strategia-ecr-si-managementul-lantului-logistic\/#breadcrumb"},"inLanguage":"en-US","potentialAction":[{"@type":"ReadAction","target":["https:\/\/www.scm4ecr.com\/index.php\/symposium-2006-strategia-ecr-si-managementul-lantului-logistic\/"]}]},{"@type":"ImageObject","inLanguage":"en-US","@id":"https:\/\/www.scm4ecr.com\/index.php\/symposium-2006-strategia-ecr-si-managementul-lantului-logistic\/#primaryimage","url":"https:\/\/www.scm4ecr.com\/wp-content\/uploads\/2025\/11\/symposium-2006.png","contentUrl":"https:\/\/www.scm4ecr.com\/wp-content\/uploads\/2025\/11\/symposium-2006.png","width":640,"height":480},{"@type":"BreadcrumbList","@id":"https:\/\/www.scm4ecr.com\/index.php\/symposium-2006-strategia-ecr-si-managementul-lantului-logistic\/#breadcrumb","itemListElement":[{"@type":"ListItem","position":1,"name":"Home","item":"https:\/\/www.scm4ecr.com\/"},{"@type":"ListItem","position":2,"name":"Symposium 2006 &#8211; Strategia ECR \u0219i Managementul Lan\u021bului Logistic"}]},{"@type":"WebSite","@id":"https:\/\/www.scm4ecr.com\/#website","url":"https:\/\/www.scm4ecr.com\/","name":"Supply Chain Management for Efficient Consumer Response Conference","description":"Academics and Business Partnerships","publisher":{"@id":"https:\/\/www.scm4ecr.com\/#organization"},"potentialAction":[{"@type":"SearchAction","target":{"@type":"EntryPoint","urlTemplate":"https:\/\/www.scm4ecr.com\/?s={search_term_string}"},"query-input":{"@type":"PropertyValueSpecification","valueRequired":true,"valueName":"search_term_string"}}],"inLanguage":"en-US"},{"@type":"Organization","@id":"https:\/\/www.scm4ecr.com\/#organization","name":"Supply Chain Management for Efficient Consumer Response Conference","url":"https:\/\/www.scm4ecr.com\/","logo":{"@type":"ImageObject","inLanguage":"en-US","@id":"https:\/\/www.scm4ecr.com\/#\/schema\/logo\/image\/","url":"https:\/\/www.scm4ecr.com\/wp-content\/uploads\/2025\/11\/logo-scm4ecr.jpg","contentUrl":"https:\/\/www.scm4ecr.com\/wp-content\/uploads\/2025\/11\/logo-scm4ecr.jpg","width":619,"height":110,"caption":"Supply Chain Management for Efficient Consumer Response Conference"},"image":{"@id":"https:\/\/www.scm4ecr.com\/#\/schema\/logo\/image\/"}}]}},"_links":{"self":[{"href":"https:\/\/www.scm4ecr.com\/index.php\/wp-json\/wp\/v2\/pages\/691","targetHints":{"allow":["GET"]}}],"collection":[{"href":"https:\/\/www.scm4ecr.com\/index.php\/wp-json\/wp\/v2\/pages"}],"about":[{"href":"https:\/\/www.scm4ecr.com\/index.php\/wp-json\/wp\/v2\/types\/page"}],"author":[{"embeddable":true,"href":"https:\/\/www.scm4ecr.com\/index.php\/wp-json\/wp\/v2\/users\/1"}],"replies":[{"embeddable":true,"href":"https:\/\/www.scm4ecr.com\/index.php\/wp-json\/wp\/v2\/comments?post=691"}],"version-history":[{"count":3,"href":"https:\/\/www.scm4ecr.com\/index.php\/wp-json\/wp\/v2\/pages\/691\/revisions"}],"predecessor-version":[{"id":697,"href":"https:\/\/www.scm4ecr.com\/index.php\/wp-json\/wp\/v2\/pages\/691\/revisions\/697"}],"up":[{"embeddable":true,"href":"https:\/\/www.scm4ecr.com\/index.php\/wp-json\/wp\/v2\/pages\/656"}],"wp:featuredmedia":[{"embeddable":true,"href":"https:\/\/www.scm4ecr.com\/index.php\/wp-json\/wp\/v2\/media\/687"}],"wp:attachment":[{"href":"https:\/\/www.scm4ecr.com\/index.php\/wp-json\/wp\/v2\/media?parent=691"}],"curies":[{"name":"wp","href":"https:\/\/api.w.org\/{rel}","templated":true}]}}