{"id":677,"date":"2025-11-30T21:26:17","date_gmt":"2025-11-30T19:26:17","guid":{"rendered":"https:\/\/www.scm4ecr.com\/?page_id=677"},"modified":"2025-11-30T21:30:20","modified_gmt":"2025-11-30T19:30:20","slug":"symposium-2005","status":"publish","type":"page","link":"https:\/\/www.scm4ecr.com\/index.php\/past-conferences-symposiums\/past-symposiums\/symposium-2005\/","title":{"rendered":"Symposium 2005 &#8211; Strategia ECR \u0219i Managementul Lan\u021bului Logistic"},"content":{"rendered":"\n<h5 class=\"wp-block-heading has-text-align-center\"><strong>Strategia ECR \u0219i Managementul Lan\u021bului Logistic<\/strong><\/h5>\n\n\n\n<h5 class=\"wp-block-heading has-text-align-center\"><strong>T\u00e2rgovi\u015fte<\/strong><\/h5>\n\n\n\n<h5 class=\"wp-block-heading has-text-align-center\"><strong>28-29 ianuarie 2005<\/strong><\/h5>\n\n\n\n<figure class=\"wp-block-table\"><table class=\"has-fixed-layout\"><tbody><tr><td class=\"has-text-align-center\" data-align=\"center\" colspan=\"2\">&nbsp;&nbsp;VINERI 28.01.2005<\/td><\/tr><tr><td class=\"has-text-align-center\" data-align=\"center\">&nbsp;09.00 \u2013 10.00<\/td><td class=\"has-text-align-center\" data-align=\"center\">&nbsp;PRIMIREA INVITA\u0162ILOR<\/td><\/tr><tr><td class=\"has-text-align-center\" data-align=\"center\">&nbsp;10.00 \u2013 10.30<\/td><td class=\"has-text-align-center\" data-align=\"center\">&nbsp;DESCHIDEREA&nbsp;SIMPOZIONULUI<\/td><\/tr><tr><td class=\"has-text-align-center\" data-align=\"center\">10.30 \u2013 11.00<\/td><td class=\"has-text-align-center\" data-align=\"center\">Cuv\u00e2nt \u00eenainte:Prof.dr. ION CUCUI, rectorul Universit\u0103\u0163ii Valahia din T\u00e2rgovi\u015fteCuv\u00e2nt de salut ECR Europe \u015fi ECR Academic Partnership:Prof.dr. Virgil Popa \u2013 Director Departament ECR \u2013 Universitatea Valahia din T\u00e2rgovi\u015fteCuv\u00e2nt \u00eenainte Institutul Na\u0163ional de Cercet\u0103ri Economice:Prof.dr.Valeriu Ioan\u2013Franc \u2013 Dir. Gen. Adj. INCE \u2013&nbsp;<a href=\"https:\/\/drive.google.com\/file\/d\/0B4dxx8_8gi7lcmxOd0NCWlJocGM\/view?usp=sharing\">ECR,&nbsp;O&nbsp;FILOSOFIE&nbsp;CARE&nbsp;TREBUIE&nbsp;DOB\u00c2NDIT\u0102: parteneriatul academic se formeaz\u0103, cine-i&nbsp; va prelua mesajul?<\/a>Prof.dr. Theodor Purc\u0103rea \u2013 Universitatea Rom\u00e2no \u2013 American\u0103, Pre\u015fedintele Comitetului Rom\u00e2n al Distribu\u0163iei<\/td><\/tr><tr><td class=\"has-text-align-center\" data-align=\"center\">11.00 \u2013 11.30<\/td><td class=\"has-text-align-center\" data-align=\"center\">Prof.dr. Virgil Popa \u2013 Director Departament ECR \u2013 Universitatea&nbsp; Valahia din T\u00e2rgovi\u015fte \u2013&nbsp;<a href=\"https:\/\/drive.google.com\/file\/d\/0B4dxx8_8gi7ldUphcFhPckVKcjA\/view?usp=sharing\">Evolu\u0163ia ECR. Standardizarea global\u0103 a proceselor de afaceri<\/a>&nbsp;<\/td><\/tr><tr><td class=\"has-text-align-center\" data-align=\"center\">11.30 \u2013 12.00<\/td><td class=\"has-text-align-center\" data-align=\"center\">PAUZ\u0102 DE CAFEA<\/td><\/tr><tr><td class=\"has-text-align-center\" data-align=\"center\">12.00 \u2013 13.30<\/td><td class=\"has-text-align-center\" data-align=\"center\"><strong>Sec\u0163iunea DEMAND SIDE&nbsp;<\/strong><strong>moderator Prof.dr. Theodor Purc\u0103rea<\/strong><\/td><\/tr><tr><td class=\"has-text-align-center\" data-align=\"center\">12.00 \u2013 12.10<\/td><td class=\"has-text-align-center\" data-align=\"center\">Prof.dr. Adriana Olaru \u2013 Universitatea \u201eDun\u0103rea de Jos\u201d \u2013 GALA\u0162I \u2013&nbsp;<a href=\"https:\/\/drive.google.com\/file\/d\/0B4dxx8_8gi7lN1M3WG5fTUcwVms\/view?usp=sharing\">Managementul valorii pentru client: p\u00e2rghii de sus\u0163inere<\/a><\/td><\/tr><tr><td class=\"has-text-align-center\" data-align=\"center\">12.10 \u2013 12.20<\/td><td class=\"has-text-align-center\" data-align=\"center\">Prof.dr. Gh. Gh. Ionescu \u2013 Universitatea de Vest TIMI\u015eOARA, Lect. univ. Elisabeta Ionescu \u2013 Universitatea&nbsp; Aurel Vlaicu ARAD \u2013&nbsp;<a href=\"https:\/\/drive.google.com\/file\/d\/0B4dxx8_8gi7lcDFKamJaTWVBc1E\/view?usp=sharing\">Moralitatea practicilor de v\u00e2nzare<\/a><\/td><\/tr><tr><td class=\"has-text-align-center\" data-align=\"center\">12.20 \u2013 12.30<\/td><td class=\"has-text-align-center\" data-align=\"center\">Conf.dr. Iuliana Ciochin\u0103, Asist.drd. Eugenia Popa \u2013 Universitatea \u201eC-tin Br\u00e2ncoveanu\u201d- PITE\u015eTI\/ R\u00c2MNICU V\u00c2LCEA \u2013&nbsp;<a href=\"https:\/\/drive.google.com\/file\/d\/0B4dxx8_8gi7lR2x5eDVZQ215a3M\/view?usp=sharing\">Cererea, factor de influen\u0163\u0103 \u00een planificarea activit\u0103\u0163ii firmei<\/a><\/td><\/tr><tr><td class=\"has-text-align-center\" data-align=\"center\">12.30 \u2013 12.40<\/td><td class=\"has-text-align-center\" data-align=\"center\">As.drd. B\u0103dicu Georgiana \u2013 Universitatea Valahia din T\u00c2RGOVI\u015eTE \u2013&nbsp;Colaborarea \u2013 cheie a succesului ECR \u015fi SCM<\/td><\/tr><tr><td class=\"has-text-align-center\" data-align=\"center\">12.40 \u2013 12.45<\/td><td class=\"has-text-align-center\" data-align=\"center\">Asist.drd. Benea Ciprian-Benjamin, Asist.drd. Sasu Dinu \u2013 Universitatea din ORADEA \u2013&nbsp;Re\u0163eaua de distribu\u0163ie descentralizat\u0103 \u015fi avantajele sale<\/td><\/tr><tr><td class=\"has-text-align-center\" data-align=\"center\">12.45 \u2013 12.55<\/td><td class=\"has-text-align-center\" data-align=\"center\">Conf.dr. Rozalia Nistor, Asist.drd. Alexandru C\u0103p\u0103\u0163\u00e2n\u0103 \u2013 Universitatea&nbsp; \u201eDun\u0103rea de Jos\u201d GALA\u0162I \u2013<a href=\"https:\/\/drive.google.com\/file\/d\/0B4dxx8_8gi7lWkI1dWg4V3VRTnc\/view?usp=sharing\">&nbsp;Avantajele externaliz\u0103rii activit\u0103\u0163ilor de management al rela\u0163iilor cu clien\u0163ii<\/a><\/td><\/tr><tr><td class=\"has-text-align-center\" data-align=\"center\">12.55 \u2013 13.05<\/td><td class=\"has-text-align-center\" data-align=\"center\">Conf.dr. Avram Tripon \u2013 Universitatea \u201cPetru Maior\u201d T\u00c2RGU MURE\u015e \u2013&nbsp;<a href=\"https:\/\/drive.google.com\/file\/d\/0B4dxx8_8gi7lTmJSZVlsYjhlMGc\/view?usp=sharing\">Aspecte inovative \u00een managementul cererii<\/a><\/td><\/tr><tr><td class=\"has-text-align-center\" data-align=\"center\">13.05 \u2013 13.15<\/td><td class=\"has-text-align-center\" data-align=\"center\">Lect.drd. Claudiu Emil Ionescu \u2013 Universitatea de Vest TIMI\u015eOARA \u2013&nbsp;<a href=\"https:\/\/drive.google.com\/file\/d\/0B4dxx8_8gi7lb05qSVpabkNFVk0\/view?usp=sharing\">Aspecte privind rela\u0163ia design \u2013 marketing<\/a><\/td><\/tr><tr><td class=\"has-text-align-center\" data-align=\"center\">13.15 \u2013 13.25<\/td><td class=\"has-text-align-center\" data-align=\"center\">Lect.dr. Negru\u015fa Adina Leti\u0163ia \u2013 Universitatea Babe\u015f \u2013Bolyai&nbsp;\u2013 CLUJ NAPOCA \u2013&nbsp;<a href=\"https:\/\/drive.google.com\/file\/d\/0B4dxx8_8gi7lclZPOGV1R2lLLWc\/view?usp=sharing\">Unele considera\u0163ii privind strategii \u00een pia\u0163a de retail din Rom\u00e2nia<\/a><\/td><\/tr><tr><td class=\"has-text-align-center\" data-align=\"center\">13.25 \u2013 13.30<\/td><td class=\"has-text-align-center\" data-align=\"center\">CONCLUZII. \u00ceNTREB\u0102RI?<\/td><\/tr><tr><td class=\"has-text-align-center\" data-align=\"center\">13.30 \u2013 14.30<\/td><td class=\"has-text-align-center\" data-align=\"center\">PAUZ\u0102 DE MAS\u0102 \u2013 RESTAURANT MONDIAL (etaj)<\/td><\/tr><tr><td class=\"has-text-align-center\" data-align=\"center\">14.30 \u2013 16.30<\/td><td class=\"has-text-align-center\" data-align=\"center\"><strong>Sec\u0163iunea SUPPLY SIDE<\/strong><strong>moderator prof.dr. Ana Lucia Florea<\/strong><\/td><\/tr><tr><td class=\"has-text-align-center\" data-align=\"center\">14.30 \u2013 14.45<\/td><td class=\"has-text-align-center\" data-align=\"center\">Prof.dr. Ana Lucia Florea, Prof.dr.Valeriu Ioan-Franc \u2013 Universitatea Valahia din T\u00c2RGOVI\u015eTE \u2013&nbsp;<a href=\"https:\/\/drive.google.com\/file\/d\/0B4dxx8_8gi7lQnVJUDlTR3ZLejA\/view?usp=sharing\">Managementul de distribu\u0163ie: o nou\u0103 optic\u0103 de a privi interac\u0163iunea dintre produc\u0103tori \u015fi distribuitori<\/a><\/td><\/tr><tr><td class=\"has-text-align-center\" data-align=\"center\">14.45 \u2013 15.00<\/td><td class=\"has-text-align-center\" data-align=\"center\">Prof.dr. Ion Steg\u0103roiu Universitatea Valahia din T\u00c2RGOVI\u015eTE \u2013&nbsp;<a href=\"https:\/\/drive.google.com\/open?id=0B4dxx8_8gi7lLWhQSHA1bDNiMGs\">Paradigma SCP (Structur\u0103, Comportament, Performan\u0163\u0103)&nbsp;\u015fi ECR<\/a><\/td><\/tr><tr><td class=\"has-text-align-center\" data-align=\"center\">15.00 \u2013 15.15<\/td><td class=\"has-text-align-center\" data-align=\"center\">Prof.dr. Virgil Popa \u2013 Universitatea Valahia din T\u00c2RGOVI\u015eTE \u2013&nbsp;<a href=\"https:\/\/drive.google.com\/file\/d\/0B4dxx8_8gi7lOS1TcHdCNnNuS00\/view?usp=sharing\">Folosirea modelului MOSC&nbsp; \u00een proiectarea \u015fi optimizarea unui lan\u0163 de distribu\u0163ie<\/a>&nbsp;(&nbsp;<a href=\"https:\/\/drive.google.com\/file\/d\/0B4dxx8_8gi7lWWhYcTZ3SnQwazA\/view?usp=sharing\">Exemplul 1-ARCTIC<\/a>,&nbsp;<a href=\"https:\/\/drive.google.com\/file\/d\/0B4dxx8_8gi7lNkJvX0pSZVFuSGc\/view?usp=sharing\">Exemplul 2-COMPAN<\/a>)<\/td><\/tr><tr><td class=\"has-text-align-center\" data-align=\"center\">15.15 \u2013 15.25<\/td><td class=\"has-text-align-center\" data-align=\"center\">Asist drd. Nelu Florea,&nbsp; Asist drd.&nbsp;Catalin Clipa \u2013 Universitatea Al. I. Cuza IA\u015eI \u2013&nbsp;<a href=\"https:\/\/drive.google.com\/file\/d\/0B4dxx8_8gi7laHVIWUtVb0t0MlE\/view?usp=sharing\">SUPPLY CHAIN MANAGEMENT \u2013 introducere, bazele, edificiul, originea \u015fi istoricul SCM<\/a><\/td><\/tr><tr><td class=\"has-text-align-center\" data-align=\"center\">15.25 \u2013 15.35<\/td><td class=\"has-text-align-center\" data-align=\"center\">Lect.drd. Eugenia Antonescu \u2013 Universitatea \u201eC-tin Br\u00e2ncoveanu\u201d \u2013 PITE\u015eTI \u2013&nbsp;<a href=\"https:\/\/drive.google.com\/file\/d\/0B4dxx8_8gi7lZWRkaVcxUV9RbzA\/view?usp=sharing\">Importan\u0163a stabilirii termenului de valabilitate la produsele alimentare<\/a><\/td><\/tr><tr><td class=\"has-text-align-center\" data-align=\"center\">15.35 \u2013 15.45<\/td><td class=\"has-text-align-center\" data-align=\"center\">As. Maria Claudia Surugiu Universitatea Politehnic\u0103 BUCURE\u015eTI \u2013&nbsp;<a href=\"https:\/\/drive.google.com\/file\/d\/0B4dxx8_8gi7lLU9FSndPSXhISVk\/view?usp=sharing\">Realizarea unui plan de transport pentru un sistem de distribu\u0163ie m\u0103rfuri<\/a><\/td><\/tr><tr><td class=\"has-text-align-center\" data-align=\"center\">15.45 \u2013 15.55<\/td><td class=\"has-text-align-center\" data-align=\"center\">Asist.drd. Gianina Bleoju \u2013 Universitatea \u201eDun\u0103rea de Jos\u201d \u2013 GALA\u0162I \u2013&nbsp;<a href=\"https:\/\/drive.google.com\/file\/d\/0B4dxx8_8gi7leHNreERKZTZSLXM\/view?usp=sharing\">Personalizarea ofertei \u2013 solu\u0163ie de succes a unei strategii de firm\u0103<\/a><\/td><\/tr><tr><td class=\"has-text-align-center\" data-align=\"center\">15.55 \u2013 16.00&nbsp;<\/td><td class=\"has-text-align-center\" data-align=\"center\">CONCLUZII<\/td><\/tr><tr><td class=\"has-text-align-center\" data-align=\"center\">16.00 \u2013 16.30<\/td><td class=\"has-text-align-center\" data-align=\"center\">PAUZ\u0102 DE CAFEA<\/td><\/tr><tr><td class=\"has-text-align-center\" data-align=\"center\">&nbsp;16.30 \u2013 17.50<\/td><td class=\"has-text-align-center\" data-align=\"center\"><strong>Sec\u0163iunea ENABLERS<\/strong><strong>moderator prof.dr. Ion N\u0103ft\u0103n\u0103il\u0103<\/strong><\/td><\/tr><tr><td class=\"has-text-align-center\" data-align=\"center\">16.30 \u2013 16.40&nbsp;<\/td><td class=\"has-text-align-center\" data-align=\"center\">&nbsp;Prof. dr. Ion N\u0103ft\u0103n\u0103il\u0103 \u2013 Academia de Studii Economice BUCURE\u015eTI \u2013&nbsp;Teoria restric\u0163iilor \u00een&nbsp;SCM<\/td><\/tr><tr><td class=\"has-text-align-center\" data-align=\"center\">16.40 \u2013 16.50<\/td><td class=\"has-text-align-center\" data-align=\"center\">Conf. dr. Avram Tripon \u2013 Universitatea \u201cPetru Maior\u201d T\u00e2rgu Mure\u015f \u2013&nbsp;<a href=\"https:\/\/drive.google.com\/file\/d\/0B4dxx8_8gi7lVldmMktnaEFKTm8\/view?usp=sharing\">Comunicare \u015fi tehnologii manageriale<\/a><\/td><\/tr><tr><td class=\"has-text-align-center\" data-align=\"center\">16.50 \u2013 17.00<\/td><td class=\"has-text-align-center\" data-align=\"center\">Asist. drd. Ana Maria Macovei \u2013 Universitatea \u015etefan cel Mare \u2013 SUCEAVA \u2013&nbsp;<a href=\"https:\/\/drive.google.com\/file\/d\/0B4dxx8_8gi7lRVNJd2hPbnk3R1U\/view?usp=sharing\">Problema utiliz\u0103rii optime a unor resurse pentru ob\u0163inerea unui cost minim<\/a><\/td><\/tr><tr><td class=\"has-text-align-center\" data-align=\"center\">17.00 \u2013 17.10<\/td><td class=\"has-text-align-center\" data-align=\"center\">Asist. drd. \u015ete\u0163 Mihaela \u2013 Universitatea de Vest \u201eVasile Goldi\u015f\u201d ARAD, filiala Baia Mare \u2013&nbsp;<a href=\"https:\/\/drive.google.com\/file\/d\/0B4dxx8_8gi7lMkU4Z1Y4Q0RlUGM\/view?usp=sharing\">O analiz\u0103 SWOT relativ\u0103 la comer\u0163ul electronic \u00een distribu\u0163ia urban\u0103 a m\u0103rfurilor<\/a><\/td><\/tr><tr><td class=\"has-text-align-center\" data-align=\"center\">17.10 \u2013 17.20<\/td><td class=\"has-text-align-center\" data-align=\"center\">Asist. drd. Marinela L\u0103z\u0103ric\u0103 \u2013 Universitatea \u201eC-tin Br\u00e2ncoveanu\u201d \u2013 PITE\u015eTI \u2013&nbsp;<a href=\"https:\/\/drive.google.com\/file\/d\/0B4dxx8_8gi7lb1AwVHd1QkU2UUE\/view?usp=sharing\">Evolu\u0163ia \u015fi revolu\u0163ia ebXML<\/a><\/td><\/tr><tr><td class=\"has-text-align-center\" data-align=\"center\">17.20 \u2013 17.30<\/td><td class=\"has-text-align-center\" data-align=\"center\">Prof. dr. Virgil Popa, Ec. Aurelian Ionescu \u2013 Dep. ECR \u2013&nbsp;<a href=\"https:\/\/drive.google.com\/file\/d\/0B4dxx8_8gi7lWDY1Z3JGaTh4RG8\/view?usp=sharing\">M\u0103surarea performan\u0163ei alian\u0163ei prin ECR GlobalScoreCard \u015fi SCM<\/a><\/td><\/tr><tr><td class=\"has-text-align-center\" data-align=\"center\">17.30 \u2013 17.40<\/td><td class=\"has-text-align-center\" data-align=\"center\">Asist. drd. Denisa Trandafiroiu \u2013 Universitatea Valahia din T\u00c2RGOVI\u015eTE \u2013&nbsp;<a href=\"https:\/\/drive.google.com\/file\/d\/0B4dxx8_8gi7laXdrWURZWlM2MTg\/view?usp=sharing\">Evolu\u0163ia \u015fi implica\u0163iile comer\u0163ului electronic pentru o mai bun\u0103 servire a clien\u0163ilor<\/a><\/td><\/tr><tr><td class=\"has-text-align-center\" data-align=\"center\">17.40 \u2013 17.50<\/td><td class=\"has-text-align-center\" data-align=\"center\">Asist. drd. \u015ete\u0163 Mihaela \u2013 Universitatea&nbsp; de Vest \u201eVasile Goldi\u015f\u201d ARAD, filiala Baia Mare \u2013&nbsp;<a href=\"https:\/\/drive.google.com\/file\/d\/0B4dxx8_8gi7lbXNSZWFVTnFjdUk\/view?usp=sharing\">De la distribu\u0163ia m\u0103rfurilor la&nbsp; logistica urban\u0103<\/a><\/td><\/tr><tr><td class=\"has-text-align-center\" data-align=\"center\">17.50 \u2013 18.00<\/td><td class=\"has-text-align-center\" data-align=\"center\">CONCLUZII<\/td><\/tr><tr><td class=\"has-text-align-center\" data-align=\"center\">19.00 \u2013 21.00<\/td><td class=\"has-text-align-center\" data-align=\"center\">MASA DE SEAR\u0102 \u2013 RESTAURANT VALAHIA (etaj)<\/td><\/tr><tr><td class=\"has-text-align-center\" data-align=\"center\" colspan=\"2\">&nbsp;S\u00c2MB\u0102T\u0102 29.01.2005<\/td><\/tr><tr><td class=\"has-text-align-center\" data-align=\"center\">10.00 \u2013 11.00<\/td><td class=\"has-text-align-center\" data-align=\"center\">PANEL(Workshop): Perspectiva ECR \u015fi SCM \u015fi adaptarea managementului rom\u00e2nesc la standardizarea global\u0103 \u2013 moderator nespecificat<\/td><\/tr><tr><td class=\"has-text-align-center\" data-align=\"center\">11.00 \u2013 11.45&nbsp;<\/td><td class=\"has-text-align-center\" data-align=\"center\">Generarea unei platforme de \u00eenv\u0103\u0163are \u015fi cercetare Academic Partnership Rom\u00e2nia \u2013 viitor membru fondator al ECR ROM\u00c2NIA \u2013 \u00een conformitate cu programul&nbsp; ECR General Learning Programme<\/td><\/tr><tr><td class=\"has-text-align-center\" data-align=\"center\">11.45 \u2013 12.00<\/td><td class=\"has-text-align-center\" data-align=\"center\">\u00ceNCHIDEREA SIMPOZIONULUI<\/td><\/tr><tr><td class=\"has-text-align-center\" data-align=\"center\">&nbsp;<\/td><td class=\"has-text-align-center\" data-align=\"center\"><strong><em>SPONSORI:<\/em><\/strong><br><strong><em>S.C. COMPAN S.A.<\/em><\/strong><br><strong><em>S.C. CONTRUST S.R.L.<\/em><\/strong><br><strong><em>S.C. JARJAT S.R.L.<\/em><\/strong><br><strong><em>FUNDA\u0162IA DAVID<\/em><\/strong><\/td><\/tr><\/tbody><\/table><\/figure>\n\n\n\n<p class=\"has-text-align-center has-huge-font-size\"><a href=\"https:\/\/docs.google.com\/presentation\/d\/1obMYt2v3daaZe4QHm6Fy8a05nqDixNkRhKYDjsLyKyk\/edit?usp=sharing\"><strong>Photo Symposium 2005<\/strong><\/a><\/p>\n\n\n\n<p><\/p>\n","protected":false},"excerpt":{"rendered":"<p>Strategia ECR \u0219i Managementul Lan\u021bului Logistic T\u00e2rgovi\u015fte 28-29 ianuarie 2005 &nbsp;&nbsp;VINERI 28.01.2005 &nbsp;09.00 \u2013 10.00 &nbsp;PRIMIREA INVITA\u0162ILOR &nbsp;10.00 \u2013 10.30 &nbsp;DESCHIDEREA&nbsp;SIMPOZIONULUI 10.30 \u2013 11.00 Cuv\u00e2nt \u00eenainte:Prof.dr. ION CUCUI, rectorul Universit\u0103\u0163ii Valahia din T\u00e2rgovi\u015fteCuv\u00e2nt de salut ECR Europe \u015fi ECR Academic Partnership:Prof.dr. Virgil Popa \u2013 Director Departament ECR \u2013 Universitatea Valahia din T\u00e2rgovi\u015fteCuv\u00e2nt \u00eenainte Institutul Na\u0163ional [&hellip;]<\/p>\n","protected":false},"author":1,"featured_media":0,"parent":656,"menu_order":2,"comment_status":"closed","ping_status":"closed","template":"","meta":{"footnotes":""},"class_list":["post-677","page","type-page","status-publish","hentry"],"yoast_head":"<!-- This site is optimized with the Yoast SEO plugin v27.4 - https:\/\/yoast.com\/product\/yoast-seo-wordpress\/ -->\n<title>Strategia ECR \u0219i Managementul Lan\u021bului Logistic<\/title>\n<meta name=\"description\" content=\"Symposium 2005 - Strategia ECR \u0219i Managementul Lan\u021bului Logistic\" \/>\n<meta name=\"robots\" content=\"index, follow, max-snippet:-1, max-image-preview:large, max-video-preview:-1\" \/>\n<link rel=\"canonical\" href=\"https:\/\/www.scm4ecr.com\/index.php\/symposium-2005\/\" \/>\n<meta property=\"og:locale\" content=\"en_US\" \/>\n<meta property=\"og:type\" content=\"article\" \/>\n<meta property=\"og:title\" content=\"Strategia ECR \u0219i Managementul Lan\u021bului Logistic\" \/>\n<meta property=\"og:description\" content=\"Symposium 2005 - Strategia ECR \u0219i Managementul Lan\u021bului Logistic\" \/>\n<meta property=\"og:url\" content=\"https:\/\/www.scm4ecr.com\/index.php\/symposium-2005\/\" \/>\n<meta property=\"og:site_name\" content=\"Supply Chain Management for Efficient Consumer Response Conference\" \/>\n<meta property=\"article:modified_time\" content=\"2025-11-30T19:30:20+00:00\" \/>\n<meta name=\"twitter:card\" content=\"summary_large_image\" \/>\n<meta name=\"twitter:label1\" content=\"Est. reading time\" \/>\n\t<meta name=\"twitter:data1\" content=\"4 minutes\" \/>\n<script type=\"application\/ld+json\" class=\"yoast-schema-graph\">{\"@context\":\"https:\\\/\\\/schema.org\",\"@graph\":[{\"@type\":\"WebPage\",\"@id\":\"https:\\\/\\\/www.scm4ecr.com\\\/index.php\\\/symposium-2005\\\/\",\"url\":\"https:\\\/\\\/www.scm4ecr.com\\\/index.php\\\/symposium-2005\\\/\",\"name\":\"Strategia ECR \u0219i Managementul Lan\u021bului Logistic\",\"isPartOf\":{\"@id\":\"https:\\\/\\\/www.scm4ecr.com\\\/#website\"},\"datePublished\":\"2025-11-30T19:26:17+00:00\",\"dateModified\":\"2025-11-30T19:30:20+00:00\",\"description\":\"Symposium 2005 - Strategia ECR \u0219i Managementul Lan\u021bului Logistic\",\"breadcrumb\":{\"@id\":\"https:\\\/\\\/www.scm4ecr.com\\\/index.php\\\/symposium-2005\\\/#breadcrumb\"},\"inLanguage\":\"en-US\",\"potentialAction\":[{\"@type\":\"ReadAction\",\"target\":[\"https:\\\/\\\/www.scm4ecr.com\\\/index.php\\\/symposium-2005\\\/\"]}]},{\"@type\":\"BreadcrumbList\",\"@id\":\"https:\\\/\\\/www.scm4ecr.com\\\/index.php\\\/symposium-2005\\\/#breadcrumb\",\"itemListElement\":[{\"@type\":\"ListItem\",\"position\":1,\"name\":\"Home\",\"item\":\"https:\\\/\\\/www.scm4ecr.com\\\/\"},{\"@type\":\"ListItem\",\"position\":2,\"name\":\"Symposium 2005 &#8211; Strategia ECR \u0219i Managementul Lan\u021bului Logistic\"}]},{\"@type\":\"WebSite\",\"@id\":\"https:\\\/\\\/www.scm4ecr.com\\\/#website\",\"url\":\"https:\\\/\\\/www.scm4ecr.com\\\/\",\"name\":\"Supply Chain Management for Efficient Consumer Response Conference\",\"description\":\"Academics and Business Partnerships\",\"publisher\":{\"@id\":\"https:\\\/\\\/www.scm4ecr.com\\\/#organization\"},\"potentialAction\":[{\"@type\":\"SearchAction\",\"target\":{\"@type\":\"EntryPoint\",\"urlTemplate\":\"https:\\\/\\\/www.scm4ecr.com\\\/?s={search_term_string}\"},\"query-input\":{\"@type\":\"PropertyValueSpecification\",\"valueRequired\":true,\"valueName\":\"search_term_string\"}}],\"inLanguage\":\"en-US\"},{\"@type\":\"Organization\",\"@id\":\"https:\\\/\\\/www.scm4ecr.com\\\/#organization\",\"name\":\"Supply Chain Management for Efficient Consumer Response Conference\",\"url\":\"https:\\\/\\\/www.scm4ecr.com\\\/\",\"logo\":{\"@type\":\"ImageObject\",\"inLanguage\":\"en-US\",\"@id\":\"https:\\\/\\\/www.scm4ecr.com\\\/#\\\/schema\\\/logo\\\/image\\\/\",\"url\":\"https:\\\/\\\/www.scm4ecr.com\\\/wp-content\\\/uploads\\\/2025\\\/11\\\/logo-scm4ecr.jpg\",\"contentUrl\":\"https:\\\/\\\/www.scm4ecr.com\\\/wp-content\\\/uploads\\\/2025\\\/11\\\/logo-scm4ecr.jpg\",\"width\":619,\"height\":110,\"caption\":\"Supply Chain Management for Efficient Consumer Response Conference\"},\"image\":{\"@id\":\"https:\\\/\\\/www.scm4ecr.com\\\/#\\\/schema\\\/logo\\\/image\\\/\"}}]}<\/script>\n<!-- \/ Yoast SEO plugin. -->","yoast_head_json":{"title":"Strategia ECR \u0219i Managementul Lan\u021bului Logistic","description":"Symposium 2005 - Strategia ECR \u0219i Managementul Lan\u021bului Logistic","robots":{"index":"index","follow":"follow","max-snippet":"max-snippet:-1","max-image-preview":"max-image-preview:large","max-video-preview":"max-video-preview:-1"},"canonical":"https:\/\/www.scm4ecr.com\/index.php\/symposium-2005\/","og_locale":"en_US","og_type":"article","og_title":"Strategia ECR \u0219i Managementul Lan\u021bului Logistic","og_description":"Symposium 2005 - Strategia ECR \u0219i Managementul Lan\u021bului Logistic","og_url":"https:\/\/www.scm4ecr.com\/index.php\/symposium-2005\/","og_site_name":"Supply Chain Management for Efficient Consumer Response Conference","article_modified_time":"2025-11-30T19:30:20+00:00","twitter_card":"summary_large_image","twitter_misc":{"Est. reading time":"4 minutes"},"schema":{"@context":"https:\/\/schema.org","@graph":[{"@type":"WebPage","@id":"https:\/\/www.scm4ecr.com\/index.php\/symposium-2005\/","url":"https:\/\/www.scm4ecr.com\/index.php\/symposium-2005\/","name":"Strategia ECR \u0219i Managementul Lan\u021bului Logistic","isPartOf":{"@id":"https:\/\/www.scm4ecr.com\/#website"},"datePublished":"2025-11-30T19:26:17+00:00","dateModified":"2025-11-30T19:30:20+00:00","description":"Symposium 2005 - Strategia ECR \u0219i Managementul Lan\u021bului Logistic","breadcrumb":{"@id":"https:\/\/www.scm4ecr.com\/index.php\/symposium-2005\/#breadcrumb"},"inLanguage":"en-US","potentialAction":[{"@type":"ReadAction","target":["https:\/\/www.scm4ecr.com\/index.php\/symposium-2005\/"]}]},{"@type":"BreadcrumbList","@id":"https:\/\/www.scm4ecr.com\/index.php\/symposium-2005\/#breadcrumb","itemListElement":[{"@type":"ListItem","position":1,"name":"Home","item":"https:\/\/www.scm4ecr.com\/"},{"@type":"ListItem","position":2,"name":"Symposium 2005 &#8211; Strategia ECR \u0219i Managementul Lan\u021bului Logistic"}]},{"@type":"WebSite","@id":"https:\/\/www.scm4ecr.com\/#website","url":"https:\/\/www.scm4ecr.com\/","name":"Supply Chain Management for Efficient Consumer Response Conference","description":"Academics and Business Partnerships","publisher":{"@id":"https:\/\/www.scm4ecr.com\/#organization"},"potentialAction":[{"@type":"SearchAction","target":{"@type":"EntryPoint","urlTemplate":"https:\/\/www.scm4ecr.com\/?s={search_term_string}"},"query-input":{"@type":"PropertyValueSpecification","valueRequired":true,"valueName":"search_term_string"}}],"inLanguage":"en-US"},{"@type":"Organization","@id":"https:\/\/www.scm4ecr.com\/#organization","name":"Supply Chain Management for Efficient Consumer Response Conference","url":"https:\/\/www.scm4ecr.com\/","logo":{"@type":"ImageObject","inLanguage":"en-US","@id":"https:\/\/www.scm4ecr.com\/#\/schema\/logo\/image\/","url":"https:\/\/www.scm4ecr.com\/wp-content\/uploads\/2025\/11\/logo-scm4ecr.jpg","contentUrl":"https:\/\/www.scm4ecr.com\/wp-content\/uploads\/2025\/11\/logo-scm4ecr.jpg","width":619,"height":110,"caption":"Supply Chain Management for Efficient Consumer Response Conference"},"image":{"@id":"https:\/\/www.scm4ecr.com\/#\/schema\/logo\/image\/"}}]}},"_links":{"self":[{"href":"https:\/\/www.scm4ecr.com\/index.php\/wp-json\/wp\/v2\/pages\/677","targetHints":{"allow":["GET"]}}],"collection":[{"href":"https:\/\/www.scm4ecr.com\/index.php\/wp-json\/wp\/v2\/pages"}],"about":[{"href":"https:\/\/www.scm4ecr.com\/index.php\/wp-json\/wp\/v2\/types\/page"}],"author":[{"embeddable":true,"href":"https:\/\/www.scm4ecr.com\/index.php\/wp-json\/wp\/v2\/users\/1"}],"replies":[{"embeddable":true,"href":"https:\/\/www.scm4ecr.com\/index.php\/wp-json\/wp\/v2\/comments?post=677"}],"version-history":[{"count":4,"href":"https:\/\/www.scm4ecr.com\/index.php\/wp-json\/wp\/v2\/pages\/677\/revisions"}],"predecessor-version":[{"id":684,"href":"https:\/\/www.scm4ecr.com\/index.php\/wp-json\/wp\/v2\/pages\/677\/revisions\/684"}],"up":[{"embeddable":true,"href":"https:\/\/www.scm4ecr.com\/index.php\/wp-json\/wp\/v2\/pages\/656"}],"wp:attachment":[{"href":"https:\/\/www.scm4ecr.com\/index.php\/wp-json\/wp\/v2\/media?parent=677"}],"curies":[{"name":"wp","href":"https:\/\/api.w.org\/{rel}","templated":true}]}}