{"id":615,"date":"2025-11-29T21:12:43","date_gmt":"2025-11-29T19:12:43","guid":{"rendered":"https:\/\/www.scm4ecr.com\/?p=615"},"modified":"2025-11-29T23:55:47","modified_gmt":"2025-11-29T21:55:47","slug":"conference-2012-supply-chain-resilience-driven-by-consumer-and-shopper-collaborate-and-survive","status":"publish","type":"page","link":"https:\/\/www.scm4ecr.com\/index.php\/past-conferences-symposiums\/past-conferences\/conference-2012-supply-chain-resilience-driven-by-consumer-and-shopper-collaborate-and-survive\/","title":{"rendered":"Conference 2012 &#8211; Supply Chain Resilience Driven by Consumer and Shopper.Collaborate and Survive!"},"content":{"rendered":"\n<h3 class=\"wp-block-heading has-text-align-center\">Program<\/h3>\n\n\n\n<h5 class=\"wp-block-heading has-text-align-center\"><strong>Supply Chain Resilience Driven by Consumer and Shopper.Collaborate and Survive!<\/strong><\/h5>\n\n\n\n<h5 class=\"wp-block-heading has-text-align-center\"><strong>T\u0103rgovi\u0219te<\/strong><\/h5>\n\n\n\n<h5 class=\"wp-block-heading has-text-align-center\"><strong>18-19 mai 2012<\/strong><\/h5>\n\n\n\n<figure class=\"wp-block-table alignwide\"><table class=\"has-fixed-layout\"><tbody><tr><td colspan=\"2\">&nbsp;Friday, 18 May 2012<\/td><\/tr><tr><td>09:00 \u2013 10:00<\/td><td>Registration<\/td><\/tr><tr><td>&nbsp;<\/td><td>Opening session<\/td><\/tr><tr><td>10:00 \u2013 10:30<\/td><td>Official Opening \u2013 Welcome speechLeonardo Badea \u2013 Deputy rector<\/td><\/tr><tr><td>10:30 \u2013 11:00<\/td><td>KEYNOTEVirgil Popa<a href=\"https:\/\/drive.google.com\/file\/d\/0B4dxx8_8gi7lVjJLUzV4S21fZ1k\/view?usp=sharing\">ECR: the Next Generation \u2013 New Ideas for the Next Ten Years from ECR Europe 2012<\/a><a href=\"https:\/\/drive.google.com\/file\/d\/0B4dxx8_8gi7lUGZnNkYwUm40NGM\/view?usp=sharing\">Supply Chain Resilience. Process Reengineering in Conditions of Risk and Disruptions<\/a><\/td><\/tr><tr><td>11:00 \u2013 11:15<\/td><td>Coffee Break<\/td><\/tr><tr><td>&nbsp;<\/td><td>Plenary sessionCo-chairs:Gheorghe Gh. IonescuTheodor Valentin Purc\u0103rea<\/td><\/tr><tr><td>11:15 \u2013 11:40<\/td><td>Gheorghe Gh. Ionescu, Claudiu Ionescu \u2013&nbsp;<a href=\"https:\/\/drive.google.com\/file\/d\/0B4dxx8_8gi7lSVBIN0Jrc2Vwb2M\/view?usp=sharing\">Culture, Design: Two Distinct Approaches to the Marketing Management<\/a><\/td><\/tr><tr><td>11:40 \u2013 12:05<\/td><td>Domingo Nevado, Victor Raul Lopez and Jose Luis Alfaro \u2013&nbsp;<a href=\"https:\/\/drive.google.com\/file\/d\/0B4dxx8_8gi7lME5LWmN2dEE2Zms\/view?usp=sharing\">Intangible Liabilities: a New Key in SCM<\/a><\/td><\/tr><tr><td>12:05 \u2013 12:30<\/td><td>Theodor Valentin Purc\u0103rea \u2013&nbsp;<a href=\"https:\/\/drive.google.com\/file\/d\/0B4dxx8_8gi7lc2lXVVBURlFJSVE\/view?usp=sharing\">Learning the New Lesson of Collaboration in a Crisis Through Collaboration Programmes, by Integrating the Physical World With Digital Technology, and Impacting the Shopping Experience<\/a><\/td><\/tr><tr><td>12:30 \u2013 12:55<\/td><td>Marcellin Yovogan \u2013&nbsp;<a href=\"https:\/\/drive.google.com\/open?id=0B4dxx8_8gi7lYWFSUlZSWXdRcGM\">Implementation of Supply Chain Department and its Impact on Financial Performance: the Case Study of a Manufacturing Company<\/a><\/td><\/tr><tr><td>12:55 \u2013 13:20<\/td><td>Cristinel Vasiliu, Mihaela Dobrea \u2013&nbsp;<a href=\"https:\/\/drive.google.com\/file\/d\/0B4dxx8_8gi7lc2pHOFc3NHRNT28\/view?usp=sharing\">Reverse Supply Chain Management Strategies. Lean, Agile and Leagile Strategies Implementation in the Electronic Industry<\/a><\/td><\/tr><tr><td>13:20 \u2013 13:30<\/td><td>Preliminary Conclusions<\/td><\/tr><tr><td>13:30 \u2013 14:30<\/td><td>Lunch<\/td><\/tr><tr><td>&nbsp;<\/td><td>Supply Chain Management for ECR SessionModerators:Virgil PopaVictor Raul Lopez<\/td><\/tr><tr><td>&nbsp;14:30 \u2013 14:45<\/td><td>&nbsp;Virgil Popa, Leonardo Badea, M\u0103d\u0103lina Barna \u2013&nbsp;<a href=\"https:\/\/drive.google.com\/file\/d\/0B4dxx8_8gi7lLTdLTlMtMU9iYTg\/view?usp=sharing\">Risks and Disruptions in Financial Supply Chain Resilience<\/a><\/td><\/tr><tr><td>14:45\u201315:00<\/td><td>Mariana Juganaru, Ion Danut Juganaru, Andreea Moraru \u2013&nbsp;<a href=\"https:\/\/drive.google.com\/file\/d\/0B4dxx8_8gi7lV2FsdXFUb0tkZzQ\/view?usp=sharing\">The Marketing Activity Focused on Customer Value \u2013 The Case of Dobrogea Grup Constanta<\/a><\/td><\/tr><tr><td>15:00\u201315:15<\/td><td>Mirela Octavia S\u00eerbu, Andreea Simona S\u0103seanu \u2013&nbsp;<a href=\"https:\/\/drive.google.com\/file\/d\/0B4dxx8_8gi7lU21EWGNQYkRCRE0\/view?usp=sharing\">Quick Response Implementation in the Fashion Industry<\/a><\/td><\/tr><tr><td>15:15\u201315:30<\/td><td>Mihai Felea, Irina Alb\u0103stroiu \u2013&nbsp;<a href=\"https:\/\/drive.google.com\/file\/d\/0B4dxx8_8gi7ldm1FYkVLd3k0QWs\/view?usp=sharing\">Supply Chain Strategies<\/a><\/td><\/tr><tr><td>&nbsp;<\/td><td>Conclusions<\/td><\/tr><tr><td>15:30\u201315:45<\/td><td>Coffee Break<\/td><\/tr><tr><td>&nbsp;<\/td><td>ModeratorsDorina T\u0103n\u0103sescuJanusz Grabara<\/td><\/tr><tr><td>15:45\u201316:00<\/td><td>Virgil Popa, Dorina T\u0103n\u0103sescu, M\u0103d\u0103lina Barna \u2013&nbsp;<a href=\"https:\/\/drive.google.com\/file\/d\/0B4dxx8_8gi7lZE9Pc24wWU9pRXM\/view?usp=sharing\">Doing Category Management for Consumer and Shopper Journey<\/a><\/td><\/tr><tr><td>16:00\u201316:15<\/td><td>M\u0103d\u0103lina Barna, Virgil Popa \u2013&nbsp;<a href=\"https:\/\/drive.google.com\/file\/d\/0B4dxx8_8gi7lV1M3QXRUNUhkYUE\/view?usp=sharing\">Consumer and Shopper Experience<\/a><\/td><\/tr><tr><td>16:15\u201316:30<\/td><td>Maria \u2013 Claudia Surugiu, Ionel Petrescu \u2013&nbsp;<a href=\"https:\/\/drive.google.com\/file\/d\/0B4dxx8_8gi7ldUt2R0NVNEZ3RW8\/view?usp=sharing\">Bilinear Programming for SCM Optimization<\/a><\/td><\/tr><tr><td>16:30\u201316:45<\/td><td>Marius Coman, Mihaela-Denisa Coman \u2013&nbsp;<a href=\"https:\/\/drive.google.com\/file\/d\/0B4dxx8_8gi7lU1VhZm9yXzFKVHM\/view?usp=sharing\">Dashboard \u2013 Expression of Modernism in SME<\/a><\/td><\/tr><tr><td>16:45\u201317:00<\/td><td>Refreshments BreakModerators:Marta Starostka-PatykVirgil Popa<\/td><\/tr><tr><td>17:00\u201317:15<\/td><td>Janusz K. Grabara \u2013&nbsp;<a href=\"https:\/\/drive.google.com\/file\/d\/0B4dxx8_8gi7ldDlpTmNqZHdQNTA\/view?usp=sharing\">Urban Logistics in a Sustainable Development Concept on the Example of Transport System inGdynia City<\/a><\/td><\/tr><tr><td>17:15\u201317:30<\/td><td>Paula Bajdor \u2013&nbsp;<a href=\"https:\/\/drive.google.com\/file\/d\/0B4dxx8_8gi7ldHJlUVZURi05S2c\/view?usp=sharing\">Urban Logistics in the Sustainable Development Conception<\/a><\/td><\/tr><tr><td>17:30\u201317:45<\/td><td>Marta Starostka-Patyk \u2013&nbsp;<a href=\"https:\/\/drive.google.com\/file\/d\/0B4dxx8_8gi7lcWoxa1NYdUNLMHM\/view?usp=sharing\">The Meaning and Properties of Closed-Loop in Supply Chain Management (SCM)<\/a><\/td><\/tr><tr><td>17:45\u201318:00<\/td><td>Virgil Popa, Dorina T\u0103n\u0103sescu<br>Preparing Young Talents with Competences in Supply Chain and Logistics<\/td><\/tr><tr><td>18:00<\/td><td>Conclusions<\/td><\/tr><tr><td>20:00\u201322:00<\/td><td>Dinner<\/td><\/tr><tr><td>&nbsp;<\/td><td>Saturday, 19 May 2012<\/td><\/tr><tr><td>&nbsp;<\/td><td>Doctoral sessionModerators:Virgil PopaDorina T\u0103n\u0103sescu<\/td><\/tr><tr><td>10:00\u201310:15<\/td><td>Maria Catrina (Geacar)<br><a href=\"https:\/\/drive.google.com\/open?id=0B4dxx8_8gi7lLVVRRjY1a0wxNTg\">Railway Logistics for an Efficient Supply Chain<\/a><\/td><\/tr><tr><td>10:15\u201310:30<\/td><td>Maria \u2013 Claudia Surugiu, Ilona Madalina Moise, Alina Elena Stanciu, Stefan Gabriel Soriga<br><a href=\"https:\/\/drive.google.com\/open?id=0B4dxx8_8gi7lbU5XSzc3djJ0Y0U\">Integrated Software Solutions for Customer Relationship Management (CRM)<\/a><\/td><\/tr><tr><td>10:30\u201310:45<\/td><td>Valentin Iordache, Angel Ciprian Cormos, Florin Codrut Nemtanu, Vicente Ramon Tomas Lopez<br><a href=\"https:\/\/drive.google.com\/open?id=0B4dxx8_8gi7lR2xwRTZHbkxWWHc\">Minimizing Costs Through Transport Route Optimization Using up-to-Date Road Traffic Information<\/a><\/td><\/tr><tr><td>10:45\u201311:00<\/td><td>Conclusions<\/td><\/tr><tr><td>11:00\u201311:15<\/td><td>Coffee Break<\/td><\/tr><tr><td>&nbsp;<\/td><td>Master session \u2013 Work in ProgressModerators:Virgil PopaDorina T\u0103n\u0103sescu<\/td><\/tr><tr><td>11:15\u201311:30<\/td><td>Cristian Ilie, Virgil Popa<br><a href=\"file:\/\/\/C:\/Users\/khelu\/Desktop\/ecr_uvt\/conferinte_ecr\/scm_4_symposium_2012\/prezentari\/21.ILIE.pdf\">Efficient Health Care Consumer Response. Supply Chain Optimization<\/a><\/td><\/tr><tr><td>11:30\u201311:45<\/td><td>Lidia Nicolae, Dorina T\u0103n\u0103sescu<br><a href=\"file:\/\/\/C:\/Users\/khelu\/Desktop\/ecr_uvt\/conferinte_ecr\/scm_4_symposium_2012\/prezentari\/22.NICOLAE.pdf\">Managing Consumer and Shoppers Expectations through Satisfaction and Loyalty. A survey at a Supermarket in T\u00e2rgovi\u015fte<\/a><\/td><\/tr><tr><td>11:45\u201312:00<\/td><td>Cosmin Ursulescu, Virgil Popa<br><a href=\"file:\/\/\/C:\/Users\/khelu\/Desktop\/ecr_uvt\/conferinte_ecr\/scm_4_symposium_2012\/prezentari\/23.URSULESCU.pdf\">Supply Chains Integration for Corporative Strategic Planning. Using Portfolio, Programs and Project Management<\/a><\/td><\/tr><tr><td>12:00\u201312:15<\/td><td>Ionel Ghica, Virgil Popa<br><a href=\"file:\/\/\/C:\/Users\/khelu\/Desktop\/ecr_uvt\/conferinte_ecr\/scm_4_symposium_2012\/prezentari\/24.GHICA.pdf\">From Inside-Out to Outside-In. Customer Centricity Through the Reengineering of the Procurement Process<\/a><\/td><\/tr><tr><td>&nbsp;<\/td><td>Conclusions<\/td><\/tr><tr><td>12:25<\/td><td>Doctoral papers awards<\/td><\/tr><\/tbody><\/table><\/figure>\n\n\n\n<p class=\"has-text-align-center has-huge-font-size\"><strong><em><a href=\"https:\/\/docs.google.com\/presentation\/d\/1daRdiG1LYzCZhl2g4cRcL90QaXGCOJp44qWb6CXx1ME\/edit?usp=sharing\">Conference Moments<\/a><\/em><\/strong><\/p>\n\n\n\n<p><\/p>\n","protected":false},"excerpt":{"rendered":"<p>Program Supply Chain Resilience Driven by Consumer and Shopper.Collaborate and Survive! T\u0103rgovi\u0219te 18-19 mai 2012 &nbsp;Friday, 18 May 2012 09:00 \u2013 10:00 Registration &nbsp; Opening session 10:00 \u2013 10:30 Official Opening \u2013 Welcome speechLeonardo Badea \u2013 Deputy rector 10:30 \u2013 11:00 KEYNOTEVirgil PopaECR: the Next Generation \u2013 New Ideas for the Next Ten Years from [&hellip;]<\/p>\n","protected":false},"author":1,"featured_media":626,"parent":590,"menu_order":13,"comment_status":"closed","ping_status":"closed","template":"","meta":{"footnotes":""},"class_list":["post-615","page","type-page","status-publish","has-post-thumbnail","hentry"],"yoast_head":"<!-- This site is optimized with the Yoast SEO plugin v27.4 - https:\/\/yoast.com\/product\/yoast-seo-wordpress\/ -->\n<title>Conference 2012 - Supply Chain Resilience Driven by Consumer and Shopper.Collaborate and Survive! - Supply Chain Management for Efficient Consumer Response Conference<\/title>\n<meta name=\"robots\" content=\"index, follow, max-snippet:-1, max-image-preview:large, max-video-preview:-1\" \/>\n<link rel=\"canonical\" href=\"https:\/\/www.scm4ecr.com\/index.php\/2025\/11\/29\/conference-2012-supply-chain-resilience-driven-by-consumer-and-shopper-collaborate-and-survive\/\" \/>\n<meta property=\"og:locale\" content=\"en_US\" \/>\n<meta property=\"og:type\" content=\"article\" \/>\n<meta property=\"og:title\" content=\"Conference 2012 - Supply Chain Resilience Driven by Consumer and Shopper.Collaborate and Survive! - Supply Chain Management for Efficient Consumer Response Conference\" \/>\n<meta property=\"og:description\" content=\"Program Supply Chain Resilience Driven by Consumer and Shopper.Collaborate and Survive! T\u0103rgovi\u0219te 18-19 mai 2012 &nbsp;Friday, 18 May 2012 09:00 \u2013 10:00 Registration &nbsp; Opening session 10:00 \u2013 10:30 Official Opening \u2013 Welcome speechLeonardo Badea \u2013 Deputy rector 10:30 \u2013 11:00 KEYNOTEVirgil PopaECR: the Next Generation \u2013 New Ideas for the Next Ten Years from [&hellip;]\" \/>\n<meta property=\"og:url\" content=\"https:\/\/www.scm4ecr.com\/index.php\/2025\/11\/29\/conference-2012-supply-chain-resilience-driven-by-consumer-and-shopper-collaborate-and-survive\/\" \/>\n<meta property=\"og:site_name\" content=\"Supply Chain Management for Efficient Consumer Response Conference\" \/>\n<meta property=\"article:published_time\" content=\"2025-11-29T19:12:43+00:00\" \/>\n<meta property=\"article:modified_time\" content=\"2025-11-29T21:55:47+00:00\" \/>\n<meta property=\"og:image\" content=\"https:\/\/www.scm4ecr.com\/wp-content\/uploads\/2025\/11\/conference-2012.jpg\" \/>\n\t<meta property=\"og:image:width\" content=\"620\" \/>\n\t<meta property=\"og:image:height\" content=\"415\" \/>\n\t<meta property=\"og:image:type\" content=\"image\/jpeg\" \/>\n<meta name=\"author\" content=\"khelu\" \/>\n<meta name=\"twitter:card\" content=\"summary_large_image\" \/>\n<meta name=\"twitter:label1\" content=\"Written by\" \/>\n\t<meta name=\"twitter:data1\" content=\"khelu\" \/>\n\t<meta name=\"twitter:label2\" content=\"Est. reading time\" \/>\n\t<meta name=\"twitter:data2\" content=\"3 minutes\" \/>\n<script type=\"application\/ld+json\" class=\"yoast-schema-graph\">{\"@context\":\"https:\\\/\\\/schema.org\",\"@graph\":[{\"@type\":\"Article\",\"@id\":\"https:\\\/\\\/www.scm4ecr.com\\\/index.php\\\/2025\\\/11\\\/29\\\/conference-2012-supply-chain-resilience-driven-by-consumer-and-shopper-collaborate-and-survive\\\/#article\",\"isPartOf\":{\"@id\":\"https:\\\/\\\/www.scm4ecr.com\\\/index.php\\\/2025\\\/11\\\/29\\\/conference-2012-supply-chain-resilience-driven-by-consumer-and-shopper-collaborate-and-survive\\\/\"},\"author\":{\"name\":\"khelu\",\"@id\":\"https:\\\/\\\/www.scm4ecr.com\\\/#\\\/schema\\\/person\\\/8603e8e5d3301eea8d677261440e4dc5\"},\"headline\":\"Conference 2012 &#8211; Supply Chain Resilience Driven by Consumer and Shopper.Collaborate and Survive!\",\"datePublished\":\"2025-11-29T19:12:43+00:00\",\"dateModified\":\"2025-11-29T21:55:47+00:00\",\"mainEntityOfPage\":{\"@id\":\"https:\\\/\\\/www.scm4ecr.com\\\/index.php\\\/2025\\\/11\\\/29\\\/conference-2012-supply-chain-resilience-driven-by-consumer-and-shopper-collaborate-and-survive\\\/\"},\"wordCount\":545,\"publisher\":{\"@id\":\"https:\\\/\\\/www.scm4ecr.com\\\/#organization\"},\"image\":{\"@id\":\"https:\\\/\\\/www.scm4ecr.com\\\/index.php\\\/2025\\\/11\\\/29\\\/conference-2012-supply-chain-resilience-driven-by-consumer-and-shopper-collaborate-and-survive\\\/#primaryimage\"},\"thumbnailUrl\":\"https:\\\/\\\/www.scm4ecr.com\\\/wp-content\\\/uploads\\\/2025\\\/11\\\/conference-2012.jpg\",\"articleSection\":[\"Famous Speakers\"],\"inLanguage\":\"en-US\"},{\"@type\":\"WebPage\",\"@id\":\"https:\\\/\\\/www.scm4ecr.com\\\/index.php\\\/2025\\\/11\\\/29\\\/conference-2012-supply-chain-resilience-driven-by-consumer-and-shopper-collaborate-and-survive\\\/\",\"url\":\"https:\\\/\\\/www.scm4ecr.com\\\/index.php\\\/2025\\\/11\\\/29\\\/conference-2012-supply-chain-resilience-driven-by-consumer-and-shopper-collaborate-and-survive\\\/\",\"name\":\"Conference 2012 - Supply Chain Resilience Driven by Consumer and Shopper.Collaborate and Survive! - Supply Chain Management for Efficient Consumer Response Conference\",\"isPartOf\":{\"@id\":\"https:\\\/\\\/www.scm4ecr.com\\\/#website\"},\"primaryImageOfPage\":{\"@id\":\"https:\\\/\\\/www.scm4ecr.com\\\/index.php\\\/2025\\\/11\\\/29\\\/conference-2012-supply-chain-resilience-driven-by-consumer-and-shopper-collaborate-and-survive\\\/#primaryimage\"},\"image\":{\"@id\":\"https:\\\/\\\/www.scm4ecr.com\\\/index.php\\\/2025\\\/11\\\/29\\\/conference-2012-supply-chain-resilience-driven-by-consumer-and-shopper-collaborate-and-survive\\\/#primaryimage\"},\"thumbnailUrl\":\"https:\\\/\\\/www.scm4ecr.com\\\/wp-content\\\/uploads\\\/2025\\\/11\\\/conference-2012.jpg\",\"datePublished\":\"2025-11-29T19:12:43+00:00\",\"dateModified\":\"2025-11-29T21:55:47+00:00\",\"breadcrumb\":{\"@id\":\"https:\\\/\\\/www.scm4ecr.com\\\/index.php\\\/2025\\\/11\\\/29\\\/conference-2012-supply-chain-resilience-driven-by-consumer-and-shopper-collaborate-and-survive\\\/#breadcrumb\"},\"inLanguage\":\"en-US\",\"potentialAction\":[{\"@type\":\"ReadAction\",\"target\":[\"https:\\\/\\\/www.scm4ecr.com\\\/index.php\\\/2025\\\/11\\\/29\\\/conference-2012-supply-chain-resilience-driven-by-consumer-and-shopper-collaborate-and-survive\\\/\"]}]},{\"@type\":\"ImageObject\",\"inLanguage\":\"en-US\",\"@id\":\"https:\\\/\\\/www.scm4ecr.com\\\/index.php\\\/2025\\\/11\\\/29\\\/conference-2012-supply-chain-resilience-driven-by-consumer-and-shopper-collaborate-and-survive\\\/#primaryimage\",\"url\":\"https:\\\/\\\/www.scm4ecr.com\\\/wp-content\\\/uploads\\\/2025\\\/11\\\/conference-2012.jpg\",\"contentUrl\":\"https:\\\/\\\/www.scm4ecr.com\\\/wp-content\\\/uploads\\\/2025\\\/11\\\/conference-2012.jpg\",\"width\":620,\"height\":415,\"caption\":\"MADALINA BARNA photographiA\"},{\"@type\":\"BreadcrumbList\",\"@id\":\"https:\\\/\\\/www.scm4ecr.com\\\/index.php\\\/2025\\\/11\\\/29\\\/conference-2012-supply-chain-resilience-driven-by-consumer-and-shopper-collaborate-and-survive\\\/#breadcrumb\",\"itemListElement\":[{\"@type\":\"ListItem\",\"position\":1,\"name\":\"Home\",\"item\":\"https:\\\/\\\/www.scm4ecr.com\\\/\"},{\"@type\":\"ListItem\",\"position\":2,\"name\":\"Conference 2012 &#8211; Supply Chain Resilience Driven by Consumer and Shopper.Collaborate and Survive!\"}]},{\"@type\":\"WebSite\",\"@id\":\"https:\\\/\\\/www.scm4ecr.com\\\/#website\",\"url\":\"https:\\\/\\\/www.scm4ecr.com\\\/\",\"name\":\"Supply Chain Management for Efficient Consumer Response Conference\",\"description\":\"Academics and Business Partnerships\",\"publisher\":{\"@id\":\"https:\\\/\\\/www.scm4ecr.com\\\/#organization\"},\"potentialAction\":[{\"@type\":\"SearchAction\",\"target\":{\"@type\":\"EntryPoint\",\"urlTemplate\":\"https:\\\/\\\/www.scm4ecr.com\\\/?s={search_term_string}\"},\"query-input\":{\"@type\":\"PropertyValueSpecification\",\"valueRequired\":true,\"valueName\":\"search_term_string\"}}],\"inLanguage\":\"en-US\"},{\"@type\":\"Organization\",\"@id\":\"https:\\\/\\\/www.scm4ecr.com\\\/#organization\",\"name\":\"Supply Chain Management for Efficient Consumer Response Conference\",\"url\":\"https:\\\/\\\/www.scm4ecr.com\\\/\",\"logo\":{\"@type\":\"ImageObject\",\"inLanguage\":\"en-US\",\"@id\":\"https:\\\/\\\/www.scm4ecr.com\\\/#\\\/schema\\\/logo\\\/image\\\/\",\"url\":\"https:\\\/\\\/www.scm4ecr.com\\\/wp-content\\\/uploads\\\/2025\\\/11\\\/logo-scm4ecr.jpg\",\"contentUrl\":\"https:\\\/\\\/www.scm4ecr.com\\\/wp-content\\\/uploads\\\/2025\\\/11\\\/logo-scm4ecr.jpg\",\"width\":619,\"height\":110,\"caption\":\"Supply Chain Management for Efficient Consumer Response Conference\"},\"image\":{\"@id\":\"https:\\\/\\\/www.scm4ecr.com\\\/#\\\/schema\\\/logo\\\/image\\\/\"}},{\"@type\":\"Person\",\"@id\":\"https:\\\/\\\/www.scm4ecr.com\\\/#\\\/schema\\\/person\\\/8603e8e5d3301eea8d677261440e4dc5\",\"name\":\"khelu\",\"sameAs\":[\"https:\\\/\\\/www.scm4ecr.com\"],\"url\":\"https:\\\/\\\/www.scm4ecr.com\\\/index.php\\\/author\\\/khelu\\\/\"}]}<\/script>\n<!-- \/ Yoast SEO plugin. -->","yoast_head_json":{"title":"Conference 2012 - Supply Chain Resilience Driven by Consumer and Shopper.Collaborate and Survive! - Supply Chain Management for Efficient Consumer Response Conference","robots":{"index":"index","follow":"follow","max-snippet":"max-snippet:-1","max-image-preview":"max-image-preview:large","max-video-preview":"max-video-preview:-1"},"canonical":"https:\/\/www.scm4ecr.com\/index.php\/2025\/11\/29\/conference-2012-supply-chain-resilience-driven-by-consumer-and-shopper-collaborate-and-survive\/","og_locale":"en_US","og_type":"article","og_title":"Conference 2012 - Supply Chain Resilience Driven by Consumer and Shopper.Collaborate and Survive! - Supply Chain Management for Efficient Consumer Response Conference","og_description":"Program Supply Chain Resilience Driven by Consumer and Shopper.Collaborate and Survive! T\u0103rgovi\u0219te 18-19 mai 2012 &nbsp;Friday, 18 May 2012 09:00 \u2013 10:00 Registration &nbsp; Opening session 10:00 \u2013 10:30 Official Opening \u2013 Welcome speechLeonardo Badea \u2013 Deputy rector 10:30 \u2013 11:00 KEYNOTEVirgil PopaECR: the Next Generation \u2013 New Ideas for the Next Ten Years from [&hellip;]","og_url":"https:\/\/www.scm4ecr.com\/index.php\/2025\/11\/29\/conference-2012-supply-chain-resilience-driven-by-consumer-and-shopper-collaborate-and-survive\/","og_site_name":"Supply Chain Management for Efficient Consumer Response Conference","article_published_time":"2025-11-29T19:12:43+00:00","article_modified_time":"2025-11-29T21:55:47+00:00","og_image":[{"width":620,"height":415,"url":"https:\/\/www.scm4ecr.com\/wp-content\/uploads\/2025\/11\/conference-2012.jpg","type":"image\/jpeg"}],"author":"khelu","twitter_card":"summary_large_image","twitter_misc":{"Written by":"khelu","Est. reading time":"3 minutes"},"schema":{"@context":"https:\/\/schema.org","@graph":[{"@type":"Article","@id":"https:\/\/www.scm4ecr.com\/index.php\/2025\/11\/29\/conference-2012-supply-chain-resilience-driven-by-consumer-and-shopper-collaborate-and-survive\/#article","isPartOf":{"@id":"https:\/\/www.scm4ecr.com\/index.php\/2025\/11\/29\/conference-2012-supply-chain-resilience-driven-by-consumer-and-shopper-collaborate-and-survive\/"},"author":{"name":"khelu","@id":"https:\/\/www.scm4ecr.com\/#\/schema\/person\/8603e8e5d3301eea8d677261440e4dc5"},"headline":"Conference 2012 &#8211; Supply Chain Resilience Driven by Consumer and Shopper.Collaborate and Survive!","datePublished":"2025-11-29T19:12:43+00:00","dateModified":"2025-11-29T21:55:47+00:00","mainEntityOfPage":{"@id":"https:\/\/www.scm4ecr.com\/index.php\/2025\/11\/29\/conference-2012-supply-chain-resilience-driven-by-consumer-and-shopper-collaborate-and-survive\/"},"wordCount":545,"publisher":{"@id":"https:\/\/www.scm4ecr.com\/#organization"},"image":{"@id":"https:\/\/www.scm4ecr.com\/index.php\/2025\/11\/29\/conference-2012-supply-chain-resilience-driven-by-consumer-and-shopper-collaborate-and-survive\/#primaryimage"},"thumbnailUrl":"https:\/\/www.scm4ecr.com\/wp-content\/uploads\/2025\/11\/conference-2012.jpg","articleSection":["Famous Speakers"],"inLanguage":"en-US"},{"@type":"WebPage","@id":"https:\/\/www.scm4ecr.com\/index.php\/2025\/11\/29\/conference-2012-supply-chain-resilience-driven-by-consumer-and-shopper-collaborate-and-survive\/","url":"https:\/\/www.scm4ecr.com\/index.php\/2025\/11\/29\/conference-2012-supply-chain-resilience-driven-by-consumer-and-shopper-collaborate-and-survive\/","name":"Conference 2012 - Supply Chain Resilience Driven by Consumer and Shopper.Collaborate and Survive! - Supply Chain Management for Efficient Consumer Response Conference","isPartOf":{"@id":"https:\/\/www.scm4ecr.com\/#website"},"primaryImageOfPage":{"@id":"https:\/\/www.scm4ecr.com\/index.php\/2025\/11\/29\/conference-2012-supply-chain-resilience-driven-by-consumer-and-shopper-collaborate-and-survive\/#primaryimage"},"image":{"@id":"https:\/\/www.scm4ecr.com\/index.php\/2025\/11\/29\/conference-2012-supply-chain-resilience-driven-by-consumer-and-shopper-collaborate-and-survive\/#primaryimage"},"thumbnailUrl":"https:\/\/www.scm4ecr.com\/wp-content\/uploads\/2025\/11\/conference-2012.jpg","datePublished":"2025-11-29T19:12:43+00:00","dateModified":"2025-11-29T21:55:47+00:00","breadcrumb":{"@id":"https:\/\/www.scm4ecr.com\/index.php\/2025\/11\/29\/conference-2012-supply-chain-resilience-driven-by-consumer-and-shopper-collaborate-and-survive\/#breadcrumb"},"inLanguage":"en-US","potentialAction":[{"@type":"ReadAction","target":["https:\/\/www.scm4ecr.com\/index.php\/2025\/11\/29\/conference-2012-supply-chain-resilience-driven-by-consumer-and-shopper-collaborate-and-survive\/"]}]},{"@type":"ImageObject","inLanguage":"en-US","@id":"https:\/\/www.scm4ecr.com\/index.php\/2025\/11\/29\/conference-2012-supply-chain-resilience-driven-by-consumer-and-shopper-collaborate-and-survive\/#primaryimage","url":"https:\/\/www.scm4ecr.com\/wp-content\/uploads\/2025\/11\/conference-2012.jpg","contentUrl":"https:\/\/www.scm4ecr.com\/wp-content\/uploads\/2025\/11\/conference-2012.jpg","width":620,"height":415,"caption":"MADALINA BARNA photographiA"},{"@type":"BreadcrumbList","@id":"https:\/\/www.scm4ecr.com\/index.php\/2025\/11\/29\/conference-2012-supply-chain-resilience-driven-by-consumer-and-shopper-collaborate-and-survive\/#breadcrumb","itemListElement":[{"@type":"ListItem","position":1,"name":"Home","item":"https:\/\/www.scm4ecr.com\/"},{"@type":"ListItem","position":2,"name":"Conference 2012 &#8211; Supply Chain Resilience Driven by Consumer and Shopper.Collaborate and Survive!"}]},{"@type":"WebSite","@id":"https:\/\/www.scm4ecr.com\/#website","url":"https:\/\/www.scm4ecr.com\/","name":"Supply Chain Management for Efficient Consumer Response Conference","description":"Academics and Business Partnerships","publisher":{"@id":"https:\/\/www.scm4ecr.com\/#organization"},"potentialAction":[{"@type":"SearchAction","target":{"@type":"EntryPoint","urlTemplate":"https:\/\/www.scm4ecr.com\/?s={search_term_string}"},"query-input":{"@type":"PropertyValueSpecification","valueRequired":true,"valueName":"search_term_string"}}],"inLanguage":"en-US"},{"@type":"Organization","@id":"https:\/\/www.scm4ecr.com\/#organization","name":"Supply Chain Management for Efficient Consumer Response Conference","url":"https:\/\/www.scm4ecr.com\/","logo":{"@type":"ImageObject","inLanguage":"en-US","@id":"https:\/\/www.scm4ecr.com\/#\/schema\/logo\/image\/","url":"https:\/\/www.scm4ecr.com\/wp-content\/uploads\/2025\/11\/logo-scm4ecr.jpg","contentUrl":"https:\/\/www.scm4ecr.com\/wp-content\/uploads\/2025\/11\/logo-scm4ecr.jpg","width":619,"height":110,"caption":"Supply Chain Management for Efficient Consumer Response Conference"},"image":{"@id":"https:\/\/www.scm4ecr.com\/#\/schema\/logo\/image\/"}},{"@type":"Person","@id":"https:\/\/www.scm4ecr.com\/#\/schema\/person\/8603e8e5d3301eea8d677261440e4dc5","name":"khelu","sameAs":["https:\/\/www.scm4ecr.com"],"url":"https:\/\/www.scm4ecr.com\/index.php\/author\/khelu\/"}]}},"_links":{"self":[{"href":"https:\/\/www.scm4ecr.com\/index.php\/wp-json\/wp\/v2\/pages\/615","targetHints":{"allow":["GET"]}}],"collection":[{"href":"https:\/\/www.scm4ecr.com\/index.php\/wp-json\/wp\/v2\/pages"}],"about":[{"href":"https:\/\/www.scm4ecr.com\/index.php\/wp-json\/wp\/v2\/types\/page"}],"author":[{"embeddable":true,"href":"https:\/\/www.scm4ecr.com\/index.php\/wp-json\/wp\/v2\/users\/1"}],"replies":[{"embeddable":true,"href":"https:\/\/www.scm4ecr.com\/index.php\/wp-json\/wp\/v2\/comments?post=615"}],"version-history":[{"count":7,"href":"https:\/\/www.scm4ecr.com\/index.php\/wp-json\/wp\/v2\/pages\/615\/revisions"}],"predecessor-version":[{"id":624,"href":"https:\/\/www.scm4ecr.com\/index.php\/wp-json\/wp\/v2\/pages\/615\/revisions\/624"}],"up":[{"embeddable":true,"href":"https:\/\/www.scm4ecr.com\/index.php\/wp-json\/wp\/v2\/pages\/590"}],"wp:featuredmedia":[{"embeddable":true,"href":"https:\/\/www.scm4ecr.com\/index.php\/wp-json\/wp\/v2\/media\/626"}],"wp:attachment":[{"href":"https:\/\/www.scm4ecr.com\/index.php\/wp-json\/wp\/v2\/media?parent=615"}],"curies":[{"name":"wp","href":"https:\/\/api.w.org\/{rel}","templated":true}]}}