{"id":269,"date":"2025-11-19T17:26:39","date_gmt":"2025-11-19T17:26:39","guid":{"rendered":"https:\/\/www.scm4ecr.com\/?page_id=269"},"modified":"2025-12-02T19:16:38","modified_gmt":"2025-12-02T17:16:38","slug":"advisory-board-scientific-committee","status":"publish","type":"page","link":"https:\/\/www.scm4ecr.com\/index.php\/advisory-board-scientific-committee\/","title":{"rendered":"Advisory Board &#8211; Scientific Committee"},"content":{"rendered":"\n<blockquote class=\"wp-block-quote is-layout-flow wp-block-quote-is-layout-flow\">\n<p><\/p>\n<\/blockquote>\n\n\n\n<p class=\"has-text-align-center has-normal-font-size\"><strong><em>Professor BORNA ABRAMOVIC Ph. D. <\/em><\/strong><\/p>\n\n\n\n<p class=\"has-text-align-center has-normal-font-size\">(University of Zagreb,Croatia)<\/p>\n\n\n\n<p class=\"has-text-align-center has-normal-font-size\"><br><strong><em>Professor COSTEL ILIU\u0162\u0102 NEGRICEA Ph. D. Hab. <\/em><\/strong><\/p>\n\n\n\n<p class=\"has-text-align-center has-normal-font-size\">(Romanian-American University, Bucharest, Romania)<\/p>\n\n\n\n<p class=\"has-text-align-center has-normal-font-size\"><br><strong><em>Assoc. Prof. GOKHAN KIRBAC Ph. D.<\/em><\/strong> <\/p>\n\n\n\n<p class=\"has-text-align-center has-normal-font-size\">(Istanbul K\u00fclt\u00fcr University, Turkey)<\/p>\n\n\n\n<p class=\"has-text-align-center has-normal-font-size\"><br><strong><em>Prof. MARTA STAROSTKA-PATYK Pd. D. Hab. <\/em><\/strong><\/p>\n\n\n\n<p class=\"has-text-align-center has-normal-font-size\">(Warsaw University of Technology, Poland)<\/p>\n\n\n\n<p class=\"has-text-align-center has-base-color has-text-color has-link-color has-normal-font-size wp-elements-74a484aea0ff4ce9f132a3224fb63190\"><em><strong>Prof. PAULA BAJDOR Ph. D. Hab. <\/strong><\/em><\/p>\n\n\n\n<p class=\"has-text-align-center has-base-color has-text-color has-link-color has-normal-font-size wp-elements-e349d60be0213158c65c4243813c88cb\">(Warsaw University of Technology, Poland)<\/p>\n\n\n\n<p class=\"has-text-align-center has-normal-font-size\"><br><strong><em>Professor VIRGIL POPA Ph. D. <\/em><\/strong><\/p>\n\n\n\n<p class=\"has-text-align-center has-normal-font-size\">(Valahia University of T\u00e2rgovi\u015fte, Romania)<\/p>\n\n\n\n<p class=\"has-text-align-center has-normal-font-size\"><br><em><strong>Associate Prof. MIHAELA \u015eTE\u0162 Ph.D. eng., Ph. D. ec. <\/strong><\/em><\/p>\n\n\n\n<p class=\"has-text-align-center has-normal-font-size\">(Techincal University of Cluj, Romania)<\/p>\n\n\n\n<p class=\"has-text-align-center has-normal-font-size\"><em><strong><br>Professor OLGA KHOL Ph. D. <\/strong><\/em><\/p>\n\n\n\n<p class=\"has-text-align-center has-normal-font-size\">(Saint-Petersburg State Economic University, Rusia)<\/p>\n\n\n\n<p class=\"has-text-align-center has-normal-font-size\"><br><em><strong>Col. Professor TOMASZ JA\u0141OWIEC Ph. D. Hab. <\/strong><\/em><\/p>\n\n\n\n<p class=\"has-text-align-center has-normal-font-size\">(Warsaw University of Life Sciences, Management Institute, Poland)<\/p>\n\n\n\n<p class=\"has-text-align-center has-normal-font-size\"><strong><em>Katarzyna Pietrzyk-Wiszowaty, Ph.D.<\/em><\/strong><\/p>\n\n\n\n<p class=\"has-text-align-center has-normal-font-size\">(War Studies University, Poland)<\/p>\n\n\n\n<p class=\"has-text-align-center has-normal-font-size\"><strong><em>Ma\u0142gorzata Zysi\u0144ska, Ph.D. <\/em><\/strong><\/p>\n\n\n\n<p class=\"has-text-align-center has-normal-font-size\">(Motor Transport Institute, Poland)<\/p>\n\n\n\n<p class=\"has-text-align-center has-normal-font-size\"><strong><em>Prof. Joanna Paliszkiewicz <\/em><\/strong><\/p>\n\n\n\n<p class=\"has-text-align-center has-normal-font-size\">(Director of the Management Institute \u2013 Warsaw University of Life Sciences)<\/p>\n\n\n\n<p class=\"has-text-align-center has-normal-font-size\"><strong><em>Prof. Marcin \u015al\u0119zak<\/em><\/strong><\/p>\n\n\n\n<p class=\"has-text-align-center has-normal-font-size\">(Director of Motor Transport Institute)<\/p>\n\n\n\n<h3 class=\"wp-block-heading has-text-align-center has-normal-font-size\"><em><strong>Associate prof.&nbsp;ED LINDOO, Ph. D.<\/strong><\/em><\/h3>\n\n\n\n<p class=\"has-text-align-center has-normal-font-size\">(Regis University Denver, Colorado, USA)<\/p>\n\n\n\n<p class=\"has-text-align-center has-normal-font-size\"><br><em><strong>Professor MICHAEL BOURLAKIS Ph. D. <\/strong><\/em><\/p>\n\n\n\n<p class=\"has-text-align-center has-normal-font-size\">(Cranfield University, School of Management, England)<\/p>\n\n\n\n<p class=\"has-text-align-center has-normal-font-size\"><em><strong>Dariusz Grala Ph.D.<\/strong><\/em><\/p>\n\n\n\n<p class=\"has-text-align-center has-normal-font-size\">(War Studies University, Poland)<\/p>\n\n\n\n<p class=\"has-text-align-center has-normal-font-size\"><br><em><strong>Professor THEODOR PURCAREA Ph. D. <\/strong><\/em><\/p>\n\n\n\n<p class=\"has-text-align-center has-normal-font-size\">(Romanian-American University, Bucharest, Romania)<\/p>\n\n\n\n<p class=\"has-text-align-center has-normal-font-size\"><br><em><strong>Professor TUDOR EDU Ph. D. Hab. <\/strong><\/em><\/p>\n\n\n\n<p class=\"has-text-align-center has-normal-font-size\">(Romanian-American University, Bucharest, Romania)<\/p>\n","protected":false},"excerpt":{"rendered":"<p>Professor BORNA ABRAMOVIC Ph. D. (University of Zagreb,Croatia) Professor COSTEL ILIU\u0162\u0102 NEGRICEA Ph. D. Hab. (Romanian-American University, Bucharest, Romania) Assoc. Prof. GOKHAN KIRBAC Ph. D. (Istanbul K\u00fclt\u00fcr University, Turkey) Prof. MARTA STAROSTKA-PATYK Pd. D. Hab. (Warsaw University of Technology, Poland) Prof. PAULA BAJDOR Ph. D. Hab. (Warsaw University of Technology, Poland) Professor VIRGIL POPA Ph. [&hellip;]<\/p>\n","protected":false},"author":1,"featured_media":0,"parent":0,"menu_order":5,"comment_status":"closed","ping_status":"closed","template":"","meta":{"footnotes":""},"class_list":["post-269","page","type-page","status-publish","hentry"],"yoast_head":"<!-- This site is optimized with the Yoast SEO plugin v27.5 - https:\/\/yoast.com\/product\/yoast-seo-wordpress\/ -->\n<title>Advisory Board - Scientific Committee - Supply Chain Management for Efficient Consumer Response Conference<\/title>\n<meta name=\"robots\" content=\"index, follow, max-snippet:-1, max-image-preview:large, max-video-preview:-1\" \/>\n<link rel=\"canonical\" href=\"https:\/\/www.scm4ecr.com\/index.php\/advisory-board-scientific-committee\/\" \/>\n<meta property=\"og:locale\" content=\"en_US\" \/>\n<meta property=\"og:type\" content=\"article\" \/>\n<meta property=\"og:title\" content=\"Advisory Board - Scientific Committee - Supply Chain Management for Efficient Consumer Response Conference\" \/>\n<meta property=\"og:description\" content=\"Professor BORNA ABRAMOVIC Ph. D. (University of Zagreb,Croatia) Professor COSTEL ILIU\u0162\u0102 NEGRICEA Ph. D. Hab. (Romanian-American University, Bucharest, Romania) Assoc. Prof. GOKHAN KIRBAC Ph. D. (Istanbul K\u00fclt\u00fcr University, Turkey) Prof. MARTA STAROSTKA-PATYK Pd. D. Hab. (Warsaw University of Technology, Poland) Prof. PAULA BAJDOR Ph. D. Hab. (Warsaw University of Technology, Poland) Professor VIRGIL POPA Ph. [&hellip;]\" \/>\n<meta property=\"og:url\" content=\"https:\/\/www.scm4ecr.com\/index.php\/advisory-board-scientific-committee\/\" \/>\n<meta property=\"og:site_name\" content=\"Supply Chain Management for Efficient Consumer Response Conference\" \/>\n<meta property=\"article:modified_time\" content=\"2025-12-02T17:16:38+00:00\" \/>\n<meta name=\"twitter:card\" content=\"summary_large_image\" \/>\n<meta name=\"twitter:label1\" content=\"Est. reading time\" \/>\n\t<meta name=\"twitter:data1\" content=\"1 minute\" \/>\n<script type=\"application\/ld+json\" class=\"yoast-schema-graph\">{\"@context\":\"https:\\\/\\\/schema.org\",\"@graph\":[{\"@type\":\"WebPage\",\"@id\":\"https:\\\/\\\/www.scm4ecr.com\\\/index.php\\\/advisory-board-scientific-committee\\\/\",\"url\":\"https:\\\/\\\/www.scm4ecr.com\\\/index.php\\\/advisory-board-scientific-committee\\\/\",\"name\":\"Advisory Board - Scientific Committee - Supply Chain Management for Efficient Consumer Response Conference\",\"isPartOf\":{\"@id\":\"https:\\\/\\\/www.scm4ecr.com\\\/#website\"},\"datePublished\":\"2025-11-19T17:26:39+00:00\",\"dateModified\":\"2025-12-02T17:16:38+00:00\",\"breadcrumb\":{\"@id\":\"https:\\\/\\\/www.scm4ecr.com\\\/index.php\\\/advisory-board-scientific-committee\\\/#breadcrumb\"},\"inLanguage\":\"en-US\",\"potentialAction\":[{\"@type\":\"ReadAction\",\"target\":[\"https:\\\/\\\/www.scm4ecr.com\\\/index.php\\\/advisory-board-scientific-committee\\\/\"]}]},{\"@type\":\"BreadcrumbList\",\"@id\":\"https:\\\/\\\/www.scm4ecr.com\\\/index.php\\\/advisory-board-scientific-committee\\\/#breadcrumb\",\"itemListElement\":[{\"@type\":\"ListItem\",\"position\":1,\"name\":\"Home\",\"item\":\"https:\\\/\\\/www.scm4ecr.com\\\/\"},{\"@type\":\"ListItem\",\"position\":2,\"name\":\"Advisory Board &#8211; Scientific Committee\"}]},{\"@type\":\"WebSite\",\"@id\":\"https:\\\/\\\/www.scm4ecr.com\\\/#website\",\"url\":\"https:\\\/\\\/www.scm4ecr.com\\\/\",\"name\":\"Supply Chain Management for Efficient Consumer Response Conference\",\"description\":\"Academics and Business Partnerships\",\"publisher\":{\"@id\":\"https:\\\/\\\/www.scm4ecr.com\\\/#organization\"},\"potentialAction\":[{\"@type\":\"SearchAction\",\"target\":{\"@type\":\"EntryPoint\",\"urlTemplate\":\"https:\\\/\\\/www.scm4ecr.com\\\/?s={search_term_string}\"},\"query-input\":{\"@type\":\"PropertyValueSpecification\",\"valueRequired\":true,\"valueName\":\"search_term_string\"}}],\"inLanguage\":\"en-US\"},{\"@type\":\"Organization\",\"@id\":\"https:\\\/\\\/www.scm4ecr.com\\\/#organization\",\"name\":\"Supply Chain Management for Efficient Consumer Response Conference\",\"url\":\"https:\\\/\\\/www.scm4ecr.com\\\/\",\"logo\":{\"@type\":\"ImageObject\",\"inLanguage\":\"en-US\",\"@id\":\"https:\\\/\\\/www.scm4ecr.com\\\/#\\\/schema\\\/logo\\\/image\\\/\",\"url\":\"https:\\\/\\\/www.scm4ecr.com\\\/wp-content\\\/uploads\\\/2025\\\/11\\\/logo-scm4ecr.jpg\",\"contentUrl\":\"https:\\\/\\\/www.scm4ecr.com\\\/wp-content\\\/uploads\\\/2025\\\/11\\\/logo-scm4ecr.jpg\",\"width\":619,\"height\":110,\"caption\":\"Supply Chain Management for Efficient Consumer Response Conference\"},\"image\":{\"@id\":\"https:\\\/\\\/www.scm4ecr.com\\\/#\\\/schema\\\/logo\\\/image\\\/\"}}]}<\/script>\n<!-- \/ Yoast SEO plugin. -->","yoast_head_json":{"title":"Advisory Board - Scientific Committee - Supply Chain Management for Efficient Consumer Response Conference","robots":{"index":"index","follow":"follow","max-snippet":"max-snippet:-1","max-image-preview":"max-image-preview:large","max-video-preview":"max-video-preview:-1"},"canonical":"https:\/\/www.scm4ecr.com\/index.php\/advisory-board-scientific-committee\/","og_locale":"en_US","og_type":"article","og_title":"Advisory Board - Scientific Committee - Supply Chain Management for Efficient Consumer Response Conference","og_description":"Professor BORNA ABRAMOVIC Ph. D. (University of Zagreb,Croatia) Professor COSTEL ILIU\u0162\u0102 NEGRICEA Ph. D. Hab. (Romanian-American University, Bucharest, Romania) Assoc. Prof. GOKHAN KIRBAC Ph. D. (Istanbul K\u00fclt\u00fcr University, Turkey) Prof. MARTA STAROSTKA-PATYK Pd. D. Hab. (Warsaw University of Technology, Poland) Prof. PAULA BAJDOR Ph. D. Hab. (Warsaw University of Technology, Poland) Professor VIRGIL POPA Ph. [&hellip;]","og_url":"https:\/\/www.scm4ecr.com\/index.php\/advisory-board-scientific-committee\/","og_site_name":"Supply Chain Management for Efficient Consumer Response Conference","article_modified_time":"2025-12-02T17:16:38+00:00","twitter_card":"summary_large_image","twitter_misc":{"Est. reading time":"1 minute"},"schema":{"@context":"https:\/\/schema.org","@graph":[{"@type":"WebPage","@id":"https:\/\/www.scm4ecr.com\/index.php\/advisory-board-scientific-committee\/","url":"https:\/\/www.scm4ecr.com\/index.php\/advisory-board-scientific-committee\/","name":"Advisory Board - Scientific Committee - Supply Chain Management for Efficient Consumer Response Conference","isPartOf":{"@id":"https:\/\/www.scm4ecr.com\/#website"},"datePublished":"2025-11-19T17:26:39+00:00","dateModified":"2025-12-02T17:16:38+00:00","breadcrumb":{"@id":"https:\/\/www.scm4ecr.com\/index.php\/advisory-board-scientific-committee\/#breadcrumb"},"inLanguage":"en-US","potentialAction":[{"@type":"ReadAction","target":["https:\/\/www.scm4ecr.com\/index.php\/advisory-board-scientific-committee\/"]}]},{"@type":"BreadcrumbList","@id":"https:\/\/www.scm4ecr.com\/index.php\/advisory-board-scientific-committee\/#breadcrumb","itemListElement":[{"@type":"ListItem","position":1,"name":"Home","item":"https:\/\/www.scm4ecr.com\/"},{"@type":"ListItem","position":2,"name":"Advisory Board &#8211; Scientific Committee"}]},{"@type":"WebSite","@id":"https:\/\/www.scm4ecr.com\/#website","url":"https:\/\/www.scm4ecr.com\/","name":"Supply Chain Management for Efficient Consumer Response Conference","description":"Academics and Business Partnerships","publisher":{"@id":"https:\/\/www.scm4ecr.com\/#organization"},"potentialAction":[{"@type":"SearchAction","target":{"@type":"EntryPoint","urlTemplate":"https:\/\/www.scm4ecr.com\/?s={search_term_string}"},"query-input":{"@type":"PropertyValueSpecification","valueRequired":true,"valueName":"search_term_string"}}],"inLanguage":"en-US"},{"@type":"Organization","@id":"https:\/\/www.scm4ecr.com\/#organization","name":"Supply Chain Management for Efficient Consumer Response Conference","url":"https:\/\/www.scm4ecr.com\/","logo":{"@type":"ImageObject","inLanguage":"en-US","@id":"https:\/\/www.scm4ecr.com\/#\/schema\/logo\/image\/","url":"https:\/\/www.scm4ecr.com\/wp-content\/uploads\/2025\/11\/logo-scm4ecr.jpg","contentUrl":"https:\/\/www.scm4ecr.com\/wp-content\/uploads\/2025\/11\/logo-scm4ecr.jpg","width":619,"height":110,"caption":"Supply Chain Management for Efficient Consumer Response Conference"},"image":{"@id":"https:\/\/www.scm4ecr.com\/#\/schema\/logo\/image\/"}}]}},"_links":{"self":[{"href":"https:\/\/www.scm4ecr.com\/index.php\/wp-json\/wp\/v2\/pages\/269","targetHints":{"allow":["GET"]}}],"collection":[{"href":"https:\/\/www.scm4ecr.com\/index.php\/wp-json\/wp\/v2\/pages"}],"about":[{"href":"https:\/\/www.scm4ecr.com\/index.php\/wp-json\/wp\/v2\/types\/page"}],"author":[{"embeddable":true,"href":"https:\/\/www.scm4ecr.com\/index.php\/wp-json\/wp\/v2\/users\/1"}],"replies":[{"embeddable":true,"href":"https:\/\/www.scm4ecr.com\/index.php\/wp-json\/wp\/v2\/comments?post=269"}],"version-history":[{"count":13,"href":"https:\/\/www.scm4ecr.com\/index.php\/wp-json\/wp\/v2\/pages\/269\/revisions"}],"predecessor-version":[{"id":719,"href":"https:\/\/www.scm4ecr.com\/index.php\/wp-json\/wp\/v2\/pages\/269\/revisions\/719"}],"wp:attachment":[{"href":"https:\/\/www.scm4ecr.com\/index.php\/wp-json\/wp\/v2\/media?parent=269"}],"curies":[{"name":"wp","href":"https:\/\/api.w.org\/{rel}","templated":true}]}}